{"id":6131,"date":"2025-09-16T07:31:08","date_gmt":"2025-09-16T07:31:08","guid":{"rendered":"https:\/\/www.cmsa.ch\/our-industries\/"},"modified":"2026-02-11T15:31:55","modified_gmt":"2026-02-11T15:31:55","slug":"unsere-branchen","status":"publish","type":"page","link":"https:\/\/www.cmsa.ch\/de\/unsere-branchen\/","title":{"rendered":"Unsere Branchen"},"content":{"rendered":"<style><\/style><style><\/style><style>.gsbp-3533125{display:flex;justify-content:center;flex-direction:column;align-items:center;padding-top:var(--small-section-spacing);padding-bottom:var(--small-section-spacing);margin-top:0px;margin-bottom:0px;position:relative;overflow:hidden;}<\/style>\n<section class=\"gsbp-3533125 alignfull\" data-type=\"section-component\"><style>.gsbp-f523c71{max-width:100%;width:var(--wp--style--global--wide-size,1440px);display:flex;flex-direction:row;row-gap:var(--spacing-l);flex-wrap:wrap;padding-left:var(--variable-small-section-spacing);padding-right:var(--variable-small-section-spacing);align-items:center;column-gap:var(--spacing-m);}.gsbp-f523c71>*:not(style):nth-of-type(2n+1){width:calc(50% - (var(--spacing-m) * (2 - 1) \/ 2));}@media (max-width:1139.98px){.gsbp-f523c71>*:not(style):nth-of-type(2n+1){width:100%;}}@media (max-width:575.98px){.gsbp-f523c71>*:not(style):nth-of-type(2n+1){width:100%;}}.gsbp-f523c71>*:not(style):nth-of-type(2n+2){width:calc(50% - (var(--spacing-m) * (2 - 1) \/ 2));}@media (max-width:1139.98px){.gsbp-f523c71>*:not(style):nth-of-type(2n+2){width:100%;}}@media (max-width:575.98px){.gsbp-f523c71>*:not(style):nth-of-type(2n+2){width:100%;}}.gsbp-f523c71{flex-wrap:wrap;}<\/style>\n<div class=\"gsbp-f523c71\" data-type=\"content-area-component\"><style>.left-image-wrapper{position:relative;padding-bottom:var(--spacing-m);padding-right:var(--spacing-m);}.left-image-wrapper .svg-shadow{position:absolute;left:0rem;right:0rem;bottom:-4rem;margin-left:auto;margin-right:auto;z-index:1;max-width:90%;}.left-image-wrapper .svg-corner{fill:var(--wp--preset--color--primary,#e3001a);position:absolute;bottom:0rem;z-index:3;right:0rem;}.left-image-wrapper img{aspect-ratio:4\/3;object-fit:cover;border-top-left-radius:6.25rem;border-top-right-radius:var(--dafault-radius);border-bottom-right-radius:var(--dafault-radius);border-bottom-left-radius:var(--dafault-radius);z-index:2;position:relative;}<\/style>\n<div class=\"left-image-wrapper\">\n<svg fill=\"none\" viewBox=\"0 0 695 185\" width=\"695\" height=\"185\" class=\"svg-shadow\">\n<g xmlns=\"http:\/\/www.w3.org\/2000\/svg\" style=\"mix-blend-mode:multiply\" opacity=\"0.4\" filter=\"url(#filter0_f_4436_12266)\">\n<rect x=\"59.7031\" y=\"59.7\" width=\"575\" height=\"65\" fill=\"#362E30\"\/>\n<\/g>\n<defs xmlns=\"http:\/\/www.w3.org\/2000\/svg\">\n<filter id=\"filter0_f_4436_12266\" x=\"0.00312424\" y=\"-4.95911e-05\" width=\"694.4\" height=\"184.4\" filterUnits=\"userSpaceOnUse\" color-interpolation-filters=\"sRGB\">\n<feFlood flood-opacity=\"0\" result=\"BackgroundImageFix\"\/>\n<feBlend mode=\"normal\" in=\"SourceGraphic\" in2=\"BackgroundImageFix\" result=\"shape\"\/>\n<feGaussianBlur stdDeviation=\"29.85\" result=\"effect1_foregroundBlur_4436_12266\"\/>\n<\/filter>\n<\/defs>\n<\/svg>\n\n\n\n<figure class=\"wp-block-image size-large is-style-no-margin\"><img loading=\"lazy\" decoding=\"async\" width=\"1024\" height=\"427\" src=\"https:\/\/www.cmsa.ch\/wp-content\/uploads\/2025\/09\/luxury-bg-1024x427.webp\" alt=\"Luxury\" class=\"wp-image-1688\" srcset=\"https:\/\/www.cmsa.ch\/wp-content\/uploads\/2025\/09\/luxury-bg-1024x427.webp 1024w, https:\/\/www.cmsa.ch\/wp-content\/uploads\/2025\/09\/luxury-bg-300x125.webp 300w, https:\/\/www.cmsa.ch\/wp-content\/uploads\/2025\/09\/luxury-bg-768x320.webp 768w, https:\/\/www.cmsa.ch\/wp-content\/uploads\/2025\/09\/luxury-bg-1536x640.webp 1536w, https:\/\/www.cmsa.ch\/wp-content\/uploads\/2025\/09\/luxury-bg.webp 1920w\" sizes=\"auto, (max-width: 1024px) 100vw, 1024px\" \/><\/figure>\n\n\n\n<svg fill=\"none\" viewBox=\"0 0 140 140\" width=\"140\" height=\"140\" class=\"svg-corner\">\n<path xmlns=\"http:\/\/www.w3.org\/2000\/svg\" d=\"M-2.3702e-06 85.7761L0 140L86.0896 140C115.866 140 140 115.866 140 86.0895L140 -6.11959e-06L85.7761 -3.74939e-06L85.7761 85.7761L-2.3702e-06 85.7761Z\"\/>\n<\/svg>\n<\/div>\n\n\n<style>.gsbp-2f69555{padding-top:var(--variable-small-section-spacing) !important;padding-bottom:var(--small-section-spacing) !important;padding-left:var(--variable-small-section-spacing) !important;padding-right:var(--variable-small-section-spacing) !important;}@media (max-width:1139.98px){.gsbp-2f69555{padding-bottom:0 !important;padding-left:0 !important;padding-right:0 !important;}}<\/style>\n<div class=\"intro-content gsbp-2f69555\">\n<p class=\"intro-content__pre-head\">Luxus<\/p>\n\n\n\n<h2 class=\"wp-block-heading intro-content__heading\" id=\"mastering-complexityin-luxury-components\"><strong>Wir gestalten die Pr\u00e4zision hinter ikonischen Zeitmessern.<\/strong><\/h2>\n\n\n\n<p class=\"intro-content__lede\">Wir fertigen High-End-Komponenten f\u00fcr die Schweizer Luxusuhrenindustrie \u2013 von Werksteilen bis zu dekorativen Oberfl\u00e4chen \u2013 und erf\u00fcllen h\u00f6chste Anforderungen an \u00c4sthetik und Pr\u00e4zision.<\/p>\n\n\n\n<div class=\"wp-block-buttons is-layout-flex wp-block-buttons-is-layout-flex\" style=\"margin-top:2.5rem\">\n<div class=\"wp-block-button\"><a rel=\"\" target=\"\" href=\"https:\/\/www.cmsa.ch\/our-industries\/luxury\/\" class=\"wp-block-button__link wp-element-button\"><span class=\"btn-text\">Luxus entdecken<\/span><\/a><\/div>\n<\/div>\n<\/div>\n<\/div>\n<\/section>\n\n\n<style><\/style><style><\/style><style>.gsbp-2cc2318{display:flex;justify-content:center;flex-direction:column;align-items:center;margin-top:0px;margin-bottom:0px;position:relative;overflow:hidden;}<\/style>\n<section class=\"gsbp-2cc2318 alignfull\" data-type=\"section-component\"><style>.gsbp-a1bb5eb{max-width:100%;width:var(--wp--style--global--wide-size,1440px);display:flex;flex-direction:row;row-gap:var(--spacing-l);flex-wrap:wrap;padding-left:var(--variable-small-section-spacing);padding-right:var(--variable-small-section-spacing);align-items:center;column-gap:var(--spacing-m);background-color:var(--wp--preset--color--lightbg,#f2f2f2);border-top-left-radius:var(--radius-300);padding-top:var(--small-section-spacing);padding-bottom:var(--small-section-spacing);}.gsbp-a1bb5eb>*:not(style):nth-of-type(2n+1){width:calc(50% - (var(--spacing-m) * (2 - 1) \/ 2));}@media (max-width:1139.98px){.gsbp-a1bb5eb>*:not(style):nth-of-type(2n+1){width:100%;}}@media (max-width:575.98px){.gsbp-a1bb5eb>*:not(style):nth-of-type(2n+1){width:100%;}}.gsbp-a1bb5eb>*:not(style):nth-of-type(2n+2){width:calc(50% - (var(--spacing-m) * (2 - 1) \/ 2));}@media (max-width:1139.98px){.gsbp-a1bb5eb>*:not(style):nth-of-type(2n+2){width:100%;}}@media (max-width:575.98px){.gsbp-a1bb5eb>*:not(style):nth-of-type(2n+2){width:100%;}}.gsbp-a1bb5eb{flex-wrap:wrap;}<\/style>\n<div class=\"gsbp-a1bb5eb\" data-type=\"content-area-component\"><style>.gsbp-00bebf8{padding-top:var(--variable-small-section-spacing) !important;padding-bottom:var(--small-section-spacing) !important;padding-right:var(--variable-small-section-spacing) !important;}@media (max-width:1139.98px){.gsbp-00bebf8{padding-bottom:0 !important;padding-right:0 !important;}}<\/style>\n<div class=\"intro-content gsbp-00bebf8\">\n<p class=\"intro-content__pre-head\">MedTech<\/p>\n\n\n\n<h2 class=\"wp-block-heading intro-content__heading\" id=\"mastering-complexityin-luxury-components\"><strong>F\u00fcr Komplexit\u00e4t entwickelt. In jeder Skalierung realisiert.<\/strong><\/h2>\n\n\n\n<p class=\"intro-content__lede\">Wir fertigen Pr\u00e4zisionskomponenten f\u00fcr den MedTech-Bereich \u2013 vom Prototyping bis zur Verpackung \u2013 und verarbeiten komplexe Materialien mit vollst\u00e4ndiger Konformit\u00e4t und R\u00fcckverfolgbarkeit.<\/p>\n\n\n\n<div class=\"wp-block-buttons is-layout-flex wp-block-buttons-is-layout-flex\" style=\"margin-top:2.5rem\">\n<div class=\"wp-block-button\"><a rel=\"\" target=\"\" href=\"https:\/\/www.cmsa.ch\/our-industries\/medtech\/\" class=\"wp-block-button__link wp-element-button\"><span class=\"btn-text\">MedTech entdecken<\/span><\/a><\/div>\n<\/div>\n<\/div>\n\n\n<style>.right-image-wrapper{position:relative;padding-bottom:var(--spacing-m);padding-left:var(--spacing-m);}.right-image-wrapper .svg-shadow{position:absolute;left:0rem;right:0rem;bottom:-4rem;margin-left:auto;margin-right:auto;z-index:1;max-width:90%;}.right-image-wrapper .svg-corner{fill:var(--wp--preset--color--primary,#e3001a);position:absolute;left:0rem;bottom:0rem;z-index:3;}.right-image-wrapper img{aspect-ratio:4\/3;object-fit:cover;border-top-left-radius:6.25rem;border-top-right-radius:var(--dafault-radius);border-bottom-right-radius:var(--dafault-radius);border-bottom-left-radius:var(--dafault-radius);z-index:2;position:relative;}@media (max-width:1139.98px){.gsbp-1674019{order:-1;}}<\/style>\n<div class=\"right-image-wrapper gsbp-1674019\">\n<svg fill=\"none\" viewBox=\"0 0 695 185\" width=\"695\" height=\"185\" class=\"svg-shadow\">\n<g xmlns=\"http:\/\/www.w3.org\/2000\/svg\" style=\"mix-blend-mode:multiply\" opacity=\"0.4\" filter=\"url(#filter0_f_4436_12266)\">\n<rect x=\"59.7031\" y=\"59.7\" width=\"575\" height=\"65\" fill=\"#362E30\"\/>\n<\/g>\n<defs xmlns=\"http:\/\/www.w3.org\/2000\/svg\">\n<filter id=\"filter0_f_4436_12266\" x=\"0.00312424\" y=\"-4.95911e-05\" width=\"694.4\" height=\"184.4\" filterUnits=\"userSpaceOnUse\" color-interpolation-filters=\"sRGB\">\n<feFlood flood-opacity=\"0\" result=\"BackgroundImageFix\"\/>\n<feBlend mode=\"normal\" in=\"SourceGraphic\" in2=\"BackgroundImageFix\" result=\"shape\"\/>\n<feGaussianBlur stdDeviation=\"29.85\" result=\"effect1_foregroundBlur_4436_12266\"\/>\n<\/filter>\n<\/defs>\n<\/svg>\n\n\n\n<figure class=\"wp-block-image size-large is-style-no-margin\"><img loading=\"lazy\" decoding=\"async\" width=\"1024\" height=\"427\" src=\"https:\/\/www.cmsa.ch\/wp-content\/uploads\/2025\/11\/MedTech-1024x427.webp\" alt=\"\" class=\"wp-image-3644\" srcset=\"https:\/\/www.cmsa.ch\/wp-content\/uploads\/2025\/11\/MedTech-1024x427.webp 1024w, https:\/\/www.cmsa.ch\/wp-content\/uploads\/2025\/11\/MedTech-300x125.webp 300w, https:\/\/www.cmsa.ch\/wp-content\/uploads\/2025\/11\/MedTech-768x320.webp 768w, https:\/\/www.cmsa.ch\/wp-content\/uploads\/2025\/11\/MedTech-1536x640.webp 1536w, https:\/\/www.cmsa.ch\/wp-content\/uploads\/2025\/11\/MedTech.webp 1920w\" sizes=\"auto, (max-width: 1024px) 100vw, 1024px\" \/><\/figure>\n\n\n\n<svg fill=\"none\" viewBox=\"0 0 140 140\" width=\"140\" height=\"140\" class=\"svg-corner\">\n<path xmlns=\"http:\/\/www.w3.org\/2000\/svg\" d=\"M140 85.7761L140 140L53.9104 140C24.1343 140 1.05495e-06 115.866 2.3565e-06 86.0895L6.11959e-06 -6.11959e-06L54.2239 -3.74939e-06L54.2239 85.7761L140 85.7761Z\"\/>\n<\/svg>\n<\/div>\n<\/div>\n<\/section>\n\n\n<style><\/style><style><\/style><style>.gsbp-3533125{display:flex;justify-content:center;flex-direction:column;align-items:center;padding-top:var(--small-section-spacing);padding-bottom:var(--small-section-spacing);margin-top:0px;margin-bottom:0px;position:relative;overflow:hidden;}<\/style>\n<section class=\"gsbp-3533125 alignfull\" data-type=\"section-component\"><style>.gsbp-f523c71{max-width:100%;width:var(--wp--style--global--wide-size,1440px);display:flex;flex-direction:row;row-gap:var(--spacing-l);flex-wrap:wrap;padding-left:var(--variable-small-section-spacing);padding-right:var(--variable-small-section-spacing);align-items:center;column-gap:var(--spacing-m);}.gsbp-f523c71>*:not(style):nth-of-type(2n+1){width:calc(50% - (var(--spacing-m) * (2 - 1) \/ 2));}@media (max-width:1139.98px){.gsbp-f523c71>*:not(style):nth-of-type(2n+1){width:100%;}}@media (max-width:575.98px){.gsbp-f523c71>*:not(style):nth-of-type(2n+1){width:100%;}}.gsbp-f523c71>*:not(style):nth-of-type(2n+2){width:calc(50% - (var(--spacing-m) * (2 - 1) \/ 2));}@media (max-width:1139.98px){.gsbp-f523c71>*:not(style):nth-of-type(2n+2){width:100%;}}@media (max-width:575.98px){.gsbp-f523c71>*:not(style):nth-of-type(2n+2){width:100%;}}.gsbp-f523c71{flex-wrap:wrap;}<\/style>\n<div class=\"gsbp-f523c71\" data-type=\"content-area-component\"><style>.left-image-wrapper{position:relative;padding-bottom:var(--spacing-m);padding-right:var(--spacing-m);}.left-image-wrapper .svg-shadow{position:absolute;left:0rem;right:0rem;bottom:-4rem;margin-left:auto;margin-right:auto;z-index:1;max-width:90%;}.left-image-wrapper .svg-corner{fill:var(--wp--preset--color--primary,#e3001a);position:absolute;bottom:0rem;z-index:3;right:0rem;}.left-image-wrapper img{aspect-ratio:4\/3;object-fit:cover;border-top-left-radius:6.25rem;border-top-right-radius:var(--dafault-radius);border-bottom-right-radius:var(--dafault-radius);border-bottom-left-radius:var(--dafault-radius);z-index:2;position:relative;}<\/style>\n<div class=\"left-image-wrapper\">\n<svg fill=\"none\" viewBox=\"0 0 695 185\" width=\"695\" height=\"185\" class=\"svg-shadow\">\n<g xmlns=\"http:\/\/www.w3.org\/2000\/svg\" style=\"mix-blend-mode:multiply\" opacity=\"0.4\" filter=\"url(#filter0_f_4436_12266)\">\n<rect x=\"59.7031\" y=\"59.7\" width=\"575\" height=\"65\" fill=\"#362E30\"\/>\n<\/g>\n<defs xmlns=\"http:\/\/www.w3.org\/2000\/svg\">\n<filter id=\"filter0_f_4436_12266\" x=\"0.00312424\" y=\"-4.95911e-05\" width=\"694.4\" height=\"184.4\" filterUnits=\"userSpaceOnUse\" color-interpolation-filters=\"sRGB\">\n<feFlood flood-opacity=\"0\" result=\"BackgroundImageFix\"\/>\n<feBlend mode=\"normal\" in=\"SourceGraphic\" in2=\"BackgroundImageFix\" result=\"shape\"\/>\n<feGaussianBlur stdDeviation=\"29.85\" result=\"effect1_foregroundBlur_4436_12266\"\/>\n<\/filter>\n<\/defs>\n<\/svg>\n\n\n\n<figure class=\"wp-block-image size-large is-style-no-margin\"><img loading=\"lazy\" decoding=\"async\" width=\"1024\" height=\"683\" src=\"https:\/\/www.cmsa.ch\/wp-content\/uploads\/2025\/11\/c5aece92366f44577ff8fd839a6f80e11f781d9d-1024x683.webp\" alt=\"Ophtalmology\" class=\"wp-image-3695\" srcset=\"https:\/\/www.cmsa.ch\/wp-content\/uploads\/2025\/11\/c5aece92366f44577ff8fd839a6f80e11f781d9d-1024x683.webp 1024w, https:\/\/www.cmsa.ch\/wp-content\/uploads\/2025\/11\/c5aece92366f44577ff8fd839a6f80e11f781d9d-300x200.webp 300w, https:\/\/www.cmsa.ch\/wp-content\/uploads\/2025\/11\/c5aece92366f44577ff8fd839a6f80e11f781d9d-768x512.webp 768w, https:\/\/www.cmsa.ch\/wp-content\/uploads\/2025\/11\/c5aece92366f44577ff8fd839a6f80e11f781d9d.webp 1080w\" sizes=\"auto, (max-width: 1024px) 100vw, 1024px\" \/><\/figure>\n\n\n\n<svg fill=\"none\" viewBox=\"0 0 140 140\" width=\"140\" height=\"140\" class=\"svg-corner\">\n<path xmlns=\"http:\/\/www.w3.org\/2000\/svg\" d=\"M-2.3702e-06 85.7761L0 140L86.0896 140C115.866 140 140 115.866 140 86.0895L140 -6.11959e-06L85.7761 -3.74939e-06L85.7761 85.7761L-2.3702e-06 85.7761Z\"\/>\n<\/svg>\n<\/div>\n\n\n<style>.gsbp-2f69555{padding-top:var(--variable-small-section-spacing) !important;padding-bottom:var(--small-section-spacing) !important;padding-left:var(--variable-small-section-spacing) !important;padding-right:var(--variable-small-section-spacing) !important;}@media (max-width:1139.98px){.gsbp-2f69555{padding-bottom:0 !important;padding-left:0 !important;padding-right:0 !important;}}<\/style>\n<div class=\"intro-content gsbp-2f69555\">\n<p class=\"intro-content__pre-head\">Industrielle Anwendungen<\/p>\n\n\n\n<h2 class=\"wp-block-heading intro-content__heading\" id=\"mastering-complexityin-luxury-components\"><strong>Industrielle Pr\u00e4zision f\u00fcr anspruchsvolle Umgebungen.<\/strong><\/h2>\n\n\n\n<p class=\"intro-content__lede\">Wir unterst\u00fctzen regulierte Branchen mit fortschrittlicher Materialverarbeitung und Pr\u00e4zisionsfertigung und liefern zuverl\u00e4ssige L\u00f6sungen f\u00fcr komplexe technische Anforderungen.<\/p>\n\n\n\n<div class=\"wp-block-buttons is-layout-flex wp-block-buttons-is-layout-flex\" style=\"margin-top:2.5rem\">\n<div class=\"wp-block-button\"><a rel=\"\" target=\"\" href=\"https:\/\/www.cmsa.ch\/our-industries\/industrial-applications\/\" class=\"wp-block-button__link wp-element-button\"><span class=\"btn-text\">Industrie entdecken<\/span><\/a><\/div>\n<\/div>\n<\/div>\n<\/div>\n<\/section>\n","protected":false},"excerpt":{"rendered":"<p>Uebersicht der Branchen von CMSA: Luxus &#038; Uhrenindustrie, MedTech und industrielle Anwendungen. Fasst typische Anforderungen zusammen und verlinkt zu den jeweiligen Bereichen, Fallstudien sowie zum Kontakt mit Experten fuer Projektanfragen.<\/p>\n","protected":false},"author":1,"featured_media":5802,"parent":0,"menu_order":0,"comment_status":"closed","ping_status":"closed","template":"wp-custom-template-page-without-hero","meta":{"_acf_changed":false,"_gspb_post_css":"","footnotes":""},"class_list":["post-6131","page","type-page","status-publish","has-post-thumbnail","hentry"],"acf":[],"_links":{"self":[{"href":"https:\/\/www.cmsa.ch\/de\/wp-json\/wp\/v2\/pages\/6131","targetHints":{"allow":["GET"]}}],"collection":[{"href":"https:\/\/www.cmsa.ch\/de\/wp-json\/wp\/v2\/pages"}],"about":[{"href":"https:\/\/www.cmsa.ch\/de\/wp-json\/wp\/v2\/types\/page"}],"author":[{"embeddable":true,"href":"https:\/\/www.cmsa.ch\/de\/wp-json\/wp\/v2\/users\/1"}],"replies":[{"embeddable":true,"href":"https:\/\/www.cmsa.ch\/de\/wp-json\/wp\/v2\/comments?post=6131"}],"version-history":[{"count":5,"href":"https:\/\/www.cmsa.ch\/de\/wp-json\/wp\/v2\/pages\/6131\/revisions"}],"predecessor-version":[{"id":7212,"href":"https:\/\/www.cmsa.ch\/de\/wp-json\/wp\/v2\/pages\/6131\/revisions\/7212"}],"wp:featuredmedia":[{"embeddable":true,"href":"https:\/\/www.cmsa.ch\/de\/wp-json\/wp\/v2\/media\/5802"}],"wp:attachment":[{"href":"https:\/\/www.cmsa.ch\/de\/wp-json\/wp\/v2\/media?parent=6131"}],"curies":[{"name":"wp","href":"https:\/\/api.w.org\/{rel}","templated":true}]}}