{"id":6468,"date":"2025-12-04T13:23:23","date_gmt":"2025-12-04T13:23:23","guid":{"rendered":"https:\/\/www.cmsa.ch\/mycmsa-client-portal\/"},"modified":"2026-01-30T09:17:48","modified_gmt":"2026-01-30T09:17:48","slug":"mycmsa-kundenzugang","status":"publish","type":"page","link":"https:\/\/www.cmsa.ch\/de\/mycmsa-kundenzugang\/","title":{"rendered":"myCMSA Kundenzugang"},"content":{"rendered":"<style>.gsbp-a275a92{display:flex;justify-content:center;flex-direction:column;align-items:center;padding-top:var(--wp--custom--spacing--top,0px);padding-bottom:var(--wp--custom--spacing--bottom,0px);margin-top:0;margin-bottom:0;position:relative}.gsbp-a502769{max-width:100%;width:var(--wp--style--global--wide-size,1440px);padding-left:var(--variable-small-section-spacing);padding-right:var(--variable-small-section-spacing);padding-top:var(--big-section-spacing);padding-bottom:var(--big-section-spacing)}.gsbp-a502769 .intro-content{padding-left:0!important}.gsbp-0dacec5{max-width:100%!important;width:var(--wp--style--global--content-size,848px)!important}@media (max-width:1139.98px){.gsbp-0dacec5{padding-left:0!important}}body.gspb-bodyfront .gsbp-0dacec5 a.wp-element-button:not([href]){display:none}<\/style><style>.gsbp-a275a92{display:flex;justify-content:center;flex-direction:column;align-items:center;padding-top:var(--wp--custom--spacing--top,0px);padding-bottom:var(--wp--custom--spacing--bottom,0px);margin-top:0;margin-bottom:0;position:relative}.gsbp-a502769{max-width:100%;width:var(--wp--style--global--wide-size,1440px);padding-left:var(--variable-small-section-spacing);padding-right:var(--variable-small-section-spacing);padding-top:var(--big-section-spacing);padding-bottom:var(--big-section-spacing)}.gsbp-a502769 .intro-content{padding-left:0!important}.gsbp-0dacec5{max-width:100%!important;width:var(--wp--style--global--content-size,848px)!important}@media (max-width:1139.98px){.gsbp-0dacec5{padding-left:0!important}}body.gspb-bodyfront .gsbp-0dacec5 a.wp-element-button:not([href]){display:none}<\/style><style>.gsbp-a275a92{display:flex;justify-content:center;flex-direction:column;align-items:center;padding-top:var(--wp--custom--spacing--top,0px);padding-bottom:var(--wp--custom--spacing--bottom,0px);margin-top:0px;margin-bottom:0px;position:relative;}<\/style>\n<section class=\"gsbp-a275a92 alignfull\" data-type=\"section-component\"><style>.gsbp-a502769{max-width:100%;width:var(--wp--style--global--wide-size,1440px);padding-left:var(--variable-small-section-spacing);padding-right:var(--variable-small-section-spacing);padding-top:var(--big-section-spacing);padding-bottom:var(--big-section-spacing);}.gsbp-a502769 .intro-content{padding-left:0 !important;}<\/style>\n<div class=\"greybg-rad-br gsbp-a502769\" data-type=\"content-area-component\"><style>.gsbp-0dacec5{max-width:100% !important;width:var(--wp--style--global--content-size,848px) !important;}@media (max-width:1139.98px){.gsbp-0dacec5{padding-left:0rem !important;}}<\/style>\n<div class=\"intro-content gsbp-0dacec5\">\n<p class=\"intro-content__pre-head\">myCMSA<\/p>\n\n\n\n<h2 class=\"wp-block-heading intro-content__heading\" id=\"mastering-complexityin-luxury-components\"><strong><strong>Ihr sicherer Zugang zu Transparenz bei Auftr\u00e4gen und Best\u00e4nden<\/strong><\/strong><\/h2>\n\n\n\n<p class=\"intro-content__lede\">myCMSA ist ein Kundenportal, das Ihnen eine klare Echtzeit\u00fcbersicht \u00fcber Ihre Komponenten und Auftr\u00e4ge bietet. Bestehende Kunden erhalten auf einen Blick Zugriff auf relevante Informationen und k\u00f6nnen ihre n\u00e4chsten Schritte effizient planen.<\/p>\n\n\n\n<div class=\"wp-block-buttons intro-buttons-wrapper is-layout-flex wp-block-buttons-is-layout-flex\" style=\"margin-top:2.5rem\">\n<div class=\"wp-block-button\"><a rel=\"noreferrer noopener\" target=\"_blank\" href=\"https:\/\/mycmsa.ch\/\" class=\"wp-block-button__link wp-element-button\"><span class=\"btn-text\">Zugriff auf myCMSA<\/span><\/a><\/div>\n\n\n\n<div class=\"wp-block-button is-style-dark\"><a rel=\"\" target=\"\" href=\"https:\/\/www.cmsa.ch\/de\/contact-us\/\" class=\"wp-block-button__link wp-element-button\"><span class=\"btn-text\">Zugang beantragen<\/span><\/a><\/div>\n<\/div>\n<\/div>\n<\/div>\n<\/section>\n\n\n<style>.gsbp-b0bbaf1{margin-top:var(--spacing-l)}.gsbp-0421953,.gsbp-68cfc02{display:flex;align-items:center}.gsbp-0421953{justify-content:center;flex-direction:column;padding-top:var(--small-section-spacing);padding-bottom:var(--small-section-spacing);margin-top:0;margin-bottom:0;position:relative}.gsbp-68cfc02{max-width:100%;width:var(--wp--style--global--wide-size,1440px);padding-right:var(--variable-big-section-spacing);padding-left:var(--variable-big-section-spacing);flex-direction:row;column-gap:4rem;row-gap:var(--spacing-l)}@media (max-width:1139.98px){.gsbp-68cfc02{padding-right:var(--variable-small-section-spacing);padding-left:var(--variable-small-section-spacing)}}.gsbp-68cfc02>:not(style):nth-of-type(2n+1){width:calc(60% - (4rem*(2 - 1)\/2))}@media (max-width:1139.98px){.gsbp-68cfc02>:not(style):nth-of-type(2n+1){width:100%}}@media (max-width:575.98px){.gsbp-68cfc02>:not(style):nth-of-type(2n+1){width:100%}}.gsbp-68cfc02>:not(style):nth-of-type(2n+2){width:calc(40% - (4rem*(2 - 1)\/2))}@media (max-width:1139.98px){.gsbp-68cfc02>:not(style):nth-of-type(2n+2){width:100%}}@media (max-width:575.98px){.gsbp-68cfc02>:not(style):nth-of-type(2n+2){width:100%}}.gsbp-68cfc02{flex-wrap:wrap}.mycmsa-content-wrapper .mycmsa-content-wrapper__title{margin-bottom:var(--spacing-m)}.benefit-list li,.mycmsa-content-wrapper .mycmsa-content-wrapper__text{font-size:var(--wp--preset--font-size--custom-1,16px);color:var(--wp--preset--color--inputtext,#5d5758)}.mycmsa-content-wrapper .mycmsa-content-wrapper__text:not(:last-child){margin-bottom:var(--spacing-l)}.gsbp-e3b2e35{list-style:none}.benefit-list{margin:0;padding-left:var(--spacing-m);list-style-image:url(\/wp-content\/uploads\/2025\/10\/check.svg)}.benefit-list li:not(:last-child){margin-bottom:1rem}<\/style><style>.gsbp-b0bbaf1{margin-top:var(--spacing-l)}.gsbp-0421953,.gsbp-68cfc02{display:flex;align-items:center}.gsbp-0421953{justify-content:center;flex-direction:column;padding-top:var(--small-section-spacing);padding-bottom:var(--small-section-spacing);margin-top:0;margin-bottom:0;position:relative}.gsbp-68cfc02{max-width:100%;width:var(--wp--style--global--wide-size,1440px);padding-right:var(--variable-big-section-spacing);padding-left:var(--variable-big-section-spacing);flex-direction:row;column-gap:4rem;row-gap:var(--spacing-l)}@media (max-width:1139.98px){.gsbp-68cfc02{padding-right:var(--variable-small-section-spacing);padding-left:var(--variable-small-section-spacing)}}.gsbp-68cfc02>:not(style):nth-of-type(2n+1){width:calc(60% - (4rem*(2 - 1)\/2))}@media (max-width:1139.98px){.gsbp-68cfc02>:not(style):nth-of-type(2n+1){width:100%}}@media (max-width:575.98px){.gsbp-68cfc02>:not(style):nth-of-type(2n+1){width:100%}}.gsbp-68cfc02>:not(style):nth-of-type(2n+2){width:calc(40% - (4rem*(2 - 1)\/2))}@media (max-width:1139.98px){.gsbp-68cfc02>:not(style):nth-of-type(2n+2){width:100%}}@media (max-width:575.98px){.gsbp-68cfc02>:not(style):nth-of-type(2n+2){width:100%}}.gsbp-68cfc02{flex-wrap:wrap}.mycmsa-content-wrapper .mycmsa-content-wrapper__title{margin-bottom:var(--spacing-m)}.benefit-list li,.mycmsa-content-wrapper .mycmsa-content-wrapper__text{font-size:var(--wp--preset--font-size--custom-1,16px);color:var(--wp--preset--color--inputtext,#5d5758)}.mycmsa-content-wrapper .mycmsa-content-wrapper__text:not(:last-child){margin-bottom:var(--spacing-l)}.gsbp-e3b2e35{list-style:none}.benefit-list{margin:0;padding-left:var(--spacing-m);list-style-image:url(\/wp-content\/uploads\/2025\/10\/check.svg)}.benefit-list li:not(:last-child){margin-bottom:1rem}<\/style>\n<section class=\"gsbp-0421953 alignfull\" data-type=\"section-component\">\n<div class=\"gsbp-68cfc02\" data-type=\"content-area-component\">\n<div class=\"mycmsa-content-wrapper\">\n<h2 class=\"wp-block-heading mycmsa-content-wrapper__title\" id=\"what-is-mycmsa\">Was ist myCMSA<\/h2>\n\n\n\n<p class=\"mycmsa-content-wrapper__text\">myCMSA ist eine einfache und sichere Online-Plattform f\u00fcr unsere Kunden. Sie b\u00fcndelt die wesentlichen Informationen zur Verfolgung laufender Auftr\u00e4ge und verf\u00fcgbarer Best\u00e4nde. Ziel ist es, transparente Daten bereitzustellen, die Ihre t\u00e4gliche Planung unterst\u00fctzen und unn\u00f6tige Abstimmungen reduzieren.<\/p>\n\n\n\n<h2 class=\"wp-block-heading mycmsa-content-wrapper__title\" id=\"what-you-can-see-in-the-platform\">Welche Informationen Sie auf der Plattform sehen<\/h2>\n\n\n\n<p class=\"mycmsa-content-wrapper__text\">Wir stellen die wichtigsten operativen Daten zu Ihren Komponenten bereit, darunter Identifikationen, Typologie, Auftragsstatus, Liefertermine, Preise und verf\u00fcgbare Mengen. Wenn bereits Bestand vorhanden ist, k\u00f6nnen Sie direkt \u00fcber die Plattform eine Anpassung des Liefertermins anfragen.<\/p>\n<\/div>\n\n\n\n<div class=\"red-box\">\n<h2 class=\"wp-block-heading\" id=\"benefits-for-your-operations\">Vorteile f\u00fcr Ihre Abl\u00e4ufe<\/h2>\n\n\n\n<ul class=\"benefit-list gsbp-e3b2e35\">\t\t\t\t\t\t\t\t\t\t\t\t\t\t\t\t\t\t\t\t\t\t\t\t\t\t\t\t\t\t\n<li>Sofortige Transparenz \u00fcber Auftr\u00e4ge und Best\u00e4nde<\/li>\n\t\t\t\t\t\t\t\t\t\t\t\t\t\t\t\t\t\t\t\t\t\t\t\n<li>Schnellere und fundiertere Entscheidungsfindung<\/li>\n\t\t\t\t\t\t\t\t\t\t\t\t\t\t\t\t\t\t\t\t\t\t\t\n<li>Reduzierter Koordinationsaufwand<\/li>\n\t\t\t\t\t\t\t\t\t\t\t\t\t\t\t\t\t\t\t\t\t\t\t\n<li>Bessere Abstimmung zwischen Ihrer Planung und unserer Produktion<\/li>\n\t\t\t\t\t\t\t\t\t\t\t\t\t\t\t\t\t\t\t\t\t\t\t\n<li>Ein einfaches Tool mit Fokus auf Klarheit und Effizienz<\/li>\n\t\t\t\t\t\t\t\t\t\t\t<\/ul>\n\n\n\n<div class=\"editor-notice gsbp-b0bbaf1\"><strong>Editor notice: <\/strong> In the sidebar of this page (page tab) you can add more Benefits!<\/div>\n<\/div>\n<\/div>\n<\/section>\n\n\n<style><\/style><style><\/style><style>.gsbp-a275a92{display:flex;justify-content:center;flex-direction:column;align-items:center;padding-top:var(--wp--custom--spacing--top,0px);padding-bottom:var(--wp--custom--spacing--bottom,0px);margin-top:0px;margin-bottom:0px;position:relative;}@media (max-width:575.98px){.gsbp-a275a92{overflow:hidden;}}<\/style>\n<section class=\"gsbp-a275a92 alignfull\" data-type=\"section-component\"><style>.gsbp-b502769{max-width:100%;width:var(--wp--style--global--wide-size,1440px);padding-left:var(--variable-big-section-spacing);padding-right:var(--variable-big-section-spacing);padding-top:var(--small-section-spacing);padding-bottom:var(--small-section-spacing);}@media (max-width:767.98px){.gsbp-b502769{padding-left:var(--variable-small-section-spacing);padding-right:var(--variable-small-section-spacing);}}.gsbp-b502769 .intro-content{padding-left:0 !important;}<\/style>\n<div class=\"greybg-rad-bt gsbp-b502769\" data-type=\"content-area-component\"><style>.gsbp-1688386{display:flex;column-gap:var(--spacing-l);row-gap:var(--spacing-l);background-color:var(--wp--preset--color--contrastcolor,#ffffff);padding-top:var(--spacing-l);padding-bottom:var(--spacing-l);padding-left:var(--spacing-l);padding-right:var(--spacing-l);align-items:flex-start;border-top-left-radius:0.75rem;border-bottom-left-radius:0.75rem;border-top-right-radius:0.75rem;border-bottom-right-radius:0.75rem;width:1080px;max-width:100%;box-shadow:var(--card-shadow);flex-direction:column;}@media (max-width:575.98px){.gsbp-1688386{padding-top:var(--spacing-m);padding-bottom:var(--spacing-m);padding-left:var(--spacing-m);padding-right:var(--spacing-m);}}<\/style>\n<div class=\"gsbp-1688386\"><style>@media (max-width:1139.98px){.gsbp-0dacec7{padding-left:0rem !important;}}<\/style>\n<div class=\"intro-content gsbp-0dacec7\">\n<p class=\"intro-content__pre-head\"><\/p>\n\n\n\n<h2 class=\"wp-block-heading intro-content__heading\" id=\"limitations\">Einschr\u00e4nkungen<\/h2>\n\n\n\n<p class=\"intro-content__lede\">myCMSA ist derzeit ausschliesslich f\u00fcr Kunden der CMSA Boudry Ltd. verf\u00fcgbar. Der Zugang erfolgt auf Einladung. Wenn Ihr Unternehmen Interesse hat, im Zuge der Weiterentwicklung des Programms teilzunehmen, kontaktieren Sie uns gerne f\u00fcr weitere Informationen.<\/p>\n<\/div>\n\n\n\n<div>\n<div class=\"wp-block-buttons is-content-justification-left is-layout-flex wp-container-core-buttons-is-layout-fc4fd283 wp-block-buttons-is-layout-flex\">\n<div class=\"wp-block-button\"><a rel=\"\" target=\"\" href=\"https:\/\/www.cmsa.ch\/de\/contact-us\/\" class=\"wp-block-button__link wp-element-button\"><span class=\"btn-text\">Zugang beantragen<\/span><\/a><\/div>\n<\/div>\n<\/div>\n<\/div>\n<\/div>\n<\/section>\n\n\n<style>.newsletter-section{display:flex;justify-content:center;flex-direction:column;align-items:center;margin-top:0;margin-bottom:0;position:relative}.newsletter-section-contents{max-width:100%;width:var(--wp--style--global--wide-size,1920px);display:flex;flex-direction:row;column-gap:var(--spacing-l);row-gap:var(--spacing-l);align-items:center;background-color:var(--wp--preset--color--basecolor,#362e30);padding-left:var(--variable-small-section-spacing);padding-right:var(--variable-small-section-spacing)}@media (max-width:1139.98px){.newsletter-section-contents{row-gap:0}}.newsletter-section-contents>:not(style):nth-of-type(3n+1){width:calc(33.33% - (var(--spacing-l)*(3 - 1)\/3))}@media (max-width:1139.98px){.newsletter-section-contents>:not(style):nth-of-type(3n+1){width:100%}}@media (max-width:575.98px){.newsletter-section-contents>:not(style):nth-of-type(3n+1){width:100%}}.newsletter-section-contents>:not(style):nth-of-type(3n+2){width:calc(33.33% - (var(--spacing-l)*(3 - 1)\/3))}@media (max-width:1139.98px){.newsletter-section-contents>:not(style):nth-of-type(3n+2){width:100%}}@media (max-width:575.98px){.newsletter-section-contents>:not(style):nth-of-type(3n+2){width:100%}}.newsletter-section-contents>:not(style):nth-of-type(3n+3){width:calc(33.33% - (var(--spacing-l)*(3 - 1)\/3))}@media (max-width:1139.98px){.newsletter-section-contents>:not(style):nth-of-type(3n+3){width:100%}}@media (max-width:575.98px){.newsletter-section-contents>:not(style):nth-of-type(3n+3){width:100%}}.newsletter-section-contents{flex-wrap:wrap}.gsbp-1e58031{align-self:start}.gsbp-cf5280e{max-width:100%}.form-text-wrapper .wp-block-heading{color:var(--wp--preset--color--contrastcolor,#ffffff);margin-bottom:.5rem}.form-text-wrapper p{color:#f2f2f299;line-height:132%;font-size:var(--wp--preset--font-size--custom-1,16px)}.gsbp-392c0c4{padding-top:var(--small-section-spacing)!important;padding-bottom:var(--small-section-spacing)!important}@media (max-width:1139.98px){.gsbp-392c0c4{padding-top:var(--spacing-m)!important;padding-bottom:var(--spacing-m)!important}}.gsbp-e574a3e{padding-top:var(--small-section-spacing)!important;padding-bottom:var(--small-section-spacing)!important}@media (max-width:1139.98px){.gsbp-e574a3e{padding-top:0!important;padding-bottom:var(--spacing-l)!important}}<\/style><style>.newsletter-section{display:flex;justify-content:center;flex-direction:column;align-items:center;margin-top:0;margin-bottom:0;position:relative}.newsletter-section-contents{max-width:100%;width:var(--wp--style--global--wide-size,1920px);display:flex;flex-direction:row;column-gap:var(--spacing-l);row-gap:var(--spacing-l);align-items:center;background-color:var(--wp--preset--color--basecolor,#362e30);padding-left:var(--variable-small-section-spacing);padding-right:var(--variable-small-section-spacing)}@media (max-width:1139.98px){.newsletter-section-contents{row-gap:0}}.newsletter-section-contents>:not(style):nth-of-type(3n+1){width:calc(33.33% - (var(--spacing-l)*(3 - 1)\/3))}@media (max-width:1139.98px){.newsletter-section-contents>:not(style):nth-of-type(3n+1){width:100%}}@media (max-width:575.98px){.newsletter-section-contents>:not(style):nth-of-type(3n+1){width:100%}}.newsletter-section-contents>:not(style):nth-of-type(3n+2){width:calc(33.33% - (var(--spacing-l)*(3 - 1)\/3))}@media (max-width:1139.98px){.newsletter-section-contents>:not(style):nth-of-type(3n+2){width:100%}}@media (max-width:575.98px){.newsletter-section-contents>:not(style):nth-of-type(3n+2){width:100%}}.newsletter-section-contents>:not(style):nth-of-type(3n+3){width:calc(33.33% - (var(--spacing-l)*(3 - 1)\/3))}@media (max-width:1139.98px){.newsletter-section-contents>:not(style):nth-of-type(3n+3){width:100%}}@media (max-width:575.98px){.newsletter-section-contents>:not(style):nth-of-type(3n+3){width:100%}}.newsletter-section-contents{flex-wrap:wrap}.gsbp-1e58031{align-self:start}.gsbp-cf5280e{max-width:100%}.form-text-wrapper .wp-block-heading{color:var(--wp--preset--color--contrastcolor,#ffffff);margin-bottom:.5rem}.form-text-wrapper p{color:#f2f2f299;line-height:132%;font-size:var(--wp--preset--font-size--custom-1,16px)}.gsbp-392c0c4{padding-top:var(--small-section-spacing)!important;padding-bottom:var(--small-section-spacing)!important}@media (max-width:1139.98px){.gsbp-392c0c4{padding-top:var(--spacing-m)!important;padding-bottom:var(--spacing-m)!important}}.gsbp-e574a3e{padding-top:var(--small-section-spacing)!important;padding-bottom:var(--small-section-spacing)!important}@media (max-width:1139.98px){.gsbp-e574a3e{padding-top:0!important;padding-bottom:var(--spacing-l)!important}}<\/style><style>.newsletter-section{display:flex;justify-content:center;flex-direction:column;align-items:center;margin-top:0px;margin-bottom:0px;position:relative;}<\/style>\n<section class=\"newsletter-section alignfull\" id=\"newsletter\"><style>.newsletter-section-contents{max-width:100%;width:var(--wp--style--global--wide-size,1920px);display:flex;flex-direction:row;column-gap:var(--spacing-l);row-gap:var(--spacing-l);flex-wrap:wrap;align-items:center;background-color:var(--wp--preset--color--basecolor,#362e30);padding-left:var(--variable-small-section-spacing);padding-right:var(--variable-small-section-spacing);}@media (max-width:1139.98px){.newsletter-section-contents{row-gap:0;}}.newsletter-section-contents>*:not(style):nth-of-type(3n+1){width:calc(33.33% - (var(--spacing-l) * (3 - 1) \/ 3));}@media (max-width:1139.98px){.newsletter-section-contents>*:not(style):nth-of-type(3n+1){width:100%;}}@media (max-width:575.98px){.newsletter-section-contents>*:not(style):nth-of-type(3n+1){width:100%;}}.newsletter-section-contents>*:not(style):nth-of-type(3n+2){width:calc(33.33% - (var(--spacing-l) * (3 - 1) \/ 3));}@media (max-width:1139.98px){.newsletter-section-contents>*:not(style):nth-of-type(3n+2){width:100%;}}@media (max-width:575.98px){.newsletter-section-contents>*:not(style):nth-of-type(3n+2){width:100%;}}.newsletter-section-contents>*:not(style):nth-of-type(3n+3){width:calc(33.33% - (var(--spacing-l) * (3 - 1) \/ 3));}@media (max-width:1139.98px){.newsletter-section-contents>*:not(style):nth-of-type(3n+3){width:100%;}}@media (max-width:575.98px){.newsletter-section-contents>*:not(style):nth-of-type(3n+3){width:100%;}}.newsletter-section-contents{flex-wrap:wrap;}<\/style>\n<div class=\"newsletter-section-contents\"><style>.gsbp-1e58031{align-self:start;}<\/style>\n<div class=\"gsbp-1e58031\"><style>.gsbp-cf5280e{max-width:100%;}<\/style>\n<svg fill=\"none\" viewbox=\"0 0 404 206\" width=\"404\" height=\"206\" class=\"gsbp-cf5280e\">\n<g xmlns=\"http:\/\/www.w3.org\/2000\/svg\" opacity=\"0.3\">\n<path d=\"M73.9395 132.061H190.947V206H73.5586C32.7774 206 6.75661e-05 172.841 0 132.441V15.0527H73.9395V132.061ZM404 132.441C404 172.841 371.223 206 330.441 206H213.053V132.06H330.061V15.0527H404V132.441ZM190.947 -124.061H73.9395V-7.05273H0V-124.441C5.03174e-05 -164.841 32.7774 -198 73.5586 -198H190.947V-124.061ZM330.441 -198C371.223 -198 404 -164.841 404 -124.441V-7.05273H330.061V-124.061H213.053V-198H330.441Z\" fill=\"white\"><\/path>\n<\/g>\n<\/svg>\n<\/div>\n\n\n<style>.form-text-wrapper .wp-block-heading{color:var(--wp--preset--color--contrastcolor,#ffffff);margin-bottom:0.5rem;}.form-text-wrapper p{color:#f2f2f299;line-height:132%;font-size:var(--wp--preset--font-size--custom-1,16px);}.gsbp-392c0c4{padding-top:var(--small-section-spacing) !important;padding-bottom:var(--small-section-spacing) !important;}@media (max-width:1139.98px){.gsbp-392c0c4{padding-top:var(--spacing-m) !important;padding-bottom:var(--spacing-m) !important;}}<\/style>\n<div class=\"form-text-wrapper gsbp-392c0c4\">\n<h2 class=\"wp-block-heading h3\" id=\"stay-informed-withthe-cmsa-newsletter\">Bleiben Sie informiert <br\/>mit dem CMSA Newsletter<\/h2>\n\n\n\n<p class=\"body-text\">Erhalten Sie Einblicke in die fortschrittliche Fertigung und aktuelle Neuigkeiten zur Marke \u2013 direkt in Ihr Postfach.<\/p>\n<\/div>\n\n\n<style>.gsbp-e574a3e{padding-top:var(--small-section-spacing) !important;padding-bottom:var(--small-section-spacing) !important;}@media (max-width:1139.98px){.gsbp-e574a3e{padding-top:0 !important;padding-bottom:var(--spacing-l) !important;}}<\/style>\n<div class=\"gsbp-e574a3e\"><div class='fluentform ff-default fluentform_wrapper_2  ff_guten_block ff_guten_block-2 ffs_custom_wrap'><form data-form_id=\"2\" id=\"fluentform_2\" class=\"frm-fluent-form fluent_form_2 ff-el-form-top ff_form_instance_2_1 ff-form-loading ffs_custom\" data-form_instance=\"ff_form_instance_2_1\" method=\"POST\" ><fieldset  style=\"border: none!important;margin: 0!important;padding: 0!important;background-color: transparent!important;box-shadow: none!important;outline: none!important; min-inline-size: 100%;\">\n                    <legend class=\"ff_screen_reader_title\" style=\"display: block; margin: 0!important;padding: 0!important;height: 0!important;text-indent: -999999px;width: 0!important;overflow:hidden;\">Subscription Form<\/legend>        <div\n                style=\"display: none!important; position: absolute!important; transform: translateX(1000%)!important;\"\n                class=\"ff-el-group ff-hpsf-container\"\n        >\n            <div class=\"ff-el-input--label asterisk-right\">\n                <label for=\"ff_2_item_sf\" aria-label=\"Updates\">\n                    Updates                <\/label>\n            <\/div>\n            <div class=\"ff-el-input--content\">\n                <input type=\"text\"\n                       name=\"item_2__fluent_sf\"\n                       class=\"ff-el-form-control\"\n                       id=\"ff_2_item_sf\"\n                \/>\n            <\/div>\n        <\/div>\n                <input type=\"hidden\" id=\"__fluent_protection_token_2\" class=\"fluent-form-token-field\" name=\"__fluent_protection_token_2\">\n        <input type='hidden' name='__fluent_form_embded_post_id' value='6468' \/><input type=\"hidden\" id=\"_fluentform_2_fluentformnonce\" name=\"_fluentform_2_fluentformnonce\" value=\"53345e2176\" \/><input type=\"hidden\" name=\"_wp_http_referer\" value=\"\/de\/wp-json\/wp\/v2\/pages\/6468\" \/><div data-name=\"ff_cn_id_1\"  class='ff-t-container ff-column-container ff_columns_total_1 subscription-wrapper'><div class='ff-t-cell ff-t-column-1' style='flex-basis: 100%;'><div class='ff-el-group ff-el-form-hide_label email-wrapper'><div class=\"ff-el-input--label ff-el-is-required asterisk-right\"><label for='ff_2_email' id='label_ff_2_email' aria-label=\"E-Mail\">E-Mail<\/label><\/div><div class='ff-el-input--content'><input type=\"email\" name=\"email\" id=\"ff_2_email\" class=\"ff-el-form-control\" placeholder=\"Geben Sie Ihre E-Mail-Adresse ein...\" data-name=\"email\" tabindex=\"1\"  aria-invalid=\"false\" aria-required=true><\/div><\/div><div class='ff-el-group ff-text-left ff_submit_btn_wrapper ff_submit_btn_wrapper_custom'><button class='ff-btn-submit' type='submit' aria-label='Submit The Form'><img style='max-width: 200px;' src='\/wp-content\/uploads\/2025\/08\/long-arrow-right.svg' alt='Submit Form'><\/button><style>form.fluent_form_2 .wpf_has_custom_css.ff-btn-submit { background-color:#1a7efb;border-color:#1a7efb;color:#ffffff;min-width:100%; }form.fluent_form_2 .wpf_has_custom_css.ff-btn-submit:hover { background-color:#ffffff;border-color:#1a7efb;color:#1a7efb;min-width:100%; } <\/style><\/div><\/div><\/div><div class='ff-el-group    ff-el-input--content'><div class='ff-el-form-check ff-el-tc'><label aria-label='Terms and Conditions: Ich habe die Datenschutzbestimmungen gelesen und akzeptiere sie. Contains 1 link. Use tab navigation to review.' class='ff-el-form-check-label ff_tc_label' for=privacy_poicy_8da3ffbb010f1f8e24dfe0ef2697b140><span class='ff_tc_checkbox'><input type=\"checkbox\" name=\"privacy_poicy\" class=\"ff-el-form-check-input\" data-name=\"privacy_poicy\" id=\"privacy_poicy_8da3ffbb010f1f8e24dfe0ef2697b140\" tabindex=\"3\"  value='on' aria-invalid='false' aria-required=true><\/span> <div class='ff_t_c'><p>Ich habe die <a href=\"#\" target=\"_blank\" rel=\"noopener\">Datenschutzbestimmungen<\/a> gelesen und akzeptiere sie.<\/p><\/div><\/label><\/div><\/div><\/fieldset><\/form><div id='fluentform_2_errors' class='ff-errors-in-stack ff_form_instance_2_1 ff-form-loading_errors ff_form_instance_2_1_errors'><\/div><\/div>            <script type=\"text\/javascript\">\n                window.fluent_form_ff_form_instance_2_1 = {\"id\":\"2\",\"settings\":{\"layout\":{\"labelPlacement\":\"top\",\"helpMessagePlacement\":\"with_label\",\"errorMessagePlacement\":\"stackToBottom\",\"asteriskPlacement\":\"asterisk-right\"},\"restrictions\":{\"denyEmptySubmission\":{\"enabled\":false}}},\"form_instance\":\"ff_form_instance_2_1\",\"form_id_selector\":\"fluentform_2\",\"rules\":{\"email\":{\"required\":{\"value\":true,\"message\":\"Das E-Mail-Feld ist erforderlich\",\"global\":false,\"global_message\":\"This field is required\"},\"email\":{\"value\":true,\"message\":\"Dieses Feld muss eine g\\u00fcltige E-Mail-Adresse enthalten\",\"global\":false,\"global_message\":\"This field must contain a valid email\"}},\"privacy_poicy\":{\"required\":{\"value\":true,\"message\":\"Sie m\\u00fcssen die Datenschutzbestimmungen akzeptieren\",\"global_message\":\"This field is required\",\"global\":false}}},\"debounce_time\":300};\n                            <\/script>\n            <\/div>\n<\/div>\n<\/section>\n","protected":false},"excerpt":{"rendered":"<p>myCMSA beschreibt ein sicheres Kundenportal mit Echtzeit-Uebersicht zu Auftraegen und Bestaenden (Identifikationen, Typologie, Auftragsstatus, Liefertermine, Preise, verfuegbare Mengen). Mit Links zum Zugriff oder zur Zugangsbeantragung; derzeit nur auf Einladung, ausschliesslich fuer Kunden der CMSA Boudry Ltd.<\/p>\n","protected":false},"author":1,"featured_media":5951,"parent":0,"menu_order":0,"comment_status":"closed","ping_status":"closed","template":"","meta":{"_acf_changed":false,"_gspb_post_css":"","footnotes":""},"class_list":["post-6468","page","type-page","status-publish","has-post-thumbnail","hentry"],"acf":[],"_links":{"self":[{"href":"https:\/\/www.cmsa.ch\/de\/wp-json\/wp\/v2\/pages\/6468","targetHints":{"allow":["GET"]}}],"collection":[{"href":"https:\/\/www.cmsa.ch\/de\/wp-json\/wp\/v2\/pages"}],"about":[{"href":"https:\/\/www.cmsa.ch\/de\/wp-json\/wp\/v2\/types\/page"}],"author":[{"embeddable":true,"href":"https:\/\/www.cmsa.ch\/de\/wp-json\/wp\/v2\/users\/1"}],"replies":[{"embeddable":true,"href":"https:\/\/www.cmsa.ch\/de\/wp-json\/wp\/v2\/comments?post=6468"}],"version-history":[{"count":7,"href":"https:\/\/www.cmsa.ch\/de\/wp-json\/wp\/v2\/pages\/6468\/revisions"}],"predecessor-version":[{"id":7137,"href":"https:\/\/www.cmsa.ch\/de\/wp-json\/wp\/v2\/pages\/6468\/revisions\/7137"}],"wp:featuredmedia":[{"embeddable":true,"href":"https:\/\/www.cmsa.ch\/de\/wp-json\/wp\/v2\/media\/5951"}],"wp:attachment":[{"href":"https:\/\/www.cmsa.ch\/de\/wp-json\/wp\/v2\/media?parent=6468"}],"curies":[{"name":"wp","href":"https:\/\/api.w.org\/{rel}","templated":true}]}}