{"id":8047,"date":"2026-04-08T13:17:26","date_gmt":"2026-04-08T13:17:26","guid":{"rendered":"https:\/\/www.cmsa.ch\/?page_id=8047"},"modified":"2026-04-10T08:33:02","modified_gmt":"2026-04-10T08:33:02","slug":"highlights","status":"publish","type":"page","link":"https:\/\/www.cmsa.ch\/de\/jahresbericht\/highlights\/","title":{"rendered":"Highlights"},"content":{"rendered":"\n<section class=\"highlights-listing-section alignfull\" data-type=\"section-component\">\n<div class=\"highlights-container\" data-type=\"content-area-component\">\n<div class=\"gsbp-128e907 collapsible-sticky-toc gsbp-128e907\"><!--blockstudio\/cmsa-blocks\/toc-->\r\n<nav class=\"dynamic-toc\" \r\n     aria-label=\"Inhaltsverzeichnis\" \r\n              data-restricted=\"cmsa-faq-block__title-area\"\r\n      \r\n     data-min=\"2\" \r\n     data-max=\"2\" \r\n     data-sticky=\"1\">\r\n    <button class=\"mobile-collapse-btn wp-block-button__link wp-element-button\">\r\n        Table of Contents    <\/button>\r\n    <div class=\"dynamic-toc-list\">\r\n         \r\n    <\/div>\r\n<\/nav>\r\n<\/div>\n\n\n\n<div class=\"highlights-wrapper\"><!--blockstudio\/cmsa-blocks\/faq-block-wrapper-->\n<!--blockstudio\/cmsa-blocks\/faq--><div class=\"cmsa-faq-block\">\r\n            <div class=\"cmsa-faq-block__title-area\" data-align=\"left\">\r\n                            <h2 class=\"cmsa-faq-block__title\">Gesch&auml;ftsentwicklung<\/h2>\r\n                                        <svg xmlns=\"http:\/\/www.w3.org\/2000\/svg\" width=\"180\" height=\"1\" viewbox=\"0 0 180 1\" fill=\"none\" class=\"cmsa-faq-block__divider\">\r\n                    <line y1=\"0.5\" x2=\"180\" y2=\"0.5\" stroke=\"var(--wp--preset--color--primary, #e3001a)\"><\/line>\r\n                <\/svg>\r\n                <p class=\"cmsa-faq-block__description\">Im Jahr 2025 setzte sich der Abw&auml;rtstrend in der Luxury Division st&auml;rker als erwartet fort, w&auml;hrend in der Medtech Division Fortschritte und der Industry Division eine Erholung verzeichnet wurden. Der Umsatz der Dentalmarke wurde durch steigende Edelmetallpreise, US-Z&ouml;lle und die Liquidation ihrer Tochtergesellschaften negativ beeinflusst.<\/p>\r\n                    <\/div>\r\n    \r\n    <div class=\"cmsa-faq-block__faq-wrapper\">\r\n                    \n<!--blockstudio\/cmsa-blocks\/accordion-item--><details class=\"cmsa-accordion-item\">\r\n    <summary>\r\n        <h3 class=\"cmsa-accordion-item__title\"><strong>2025, Abw&auml;rtstrend setzte sich fort, Stabilisierung auf tieferem Niveau<\/strong><\/h3>\r\n        <svg width=\"17\" height=\"10\" viewbox=\"0 0 17 10\" fill=\"none\" class=\"faq-arrow\" xmlns=\"http:\/\/www.w3.org\/2000\/svg\">\r\n            <path d=\"M9.35547 9.23047C8.92578 9.66016 8.28125 9.66016 7.89453 9.23047L1.01953 2.35547C0.589844 1.96875 0.589844 1.32422 1.01953 0.9375C1.40625 0.507812 2.05078 0.507812 2.4375 0.9375L8.58203 7.08203L14.7695 0.894531C15.1562 0.507812 15.8008 0.507812 16.1875 0.894531C16.6172 1.32422 16.6172 1.96875 16.1875 2.35547L9.35547 9.23047Z\" fill=\"var(--wp--preset--color--basecolor, #362E30)\"><\/path>\r\n        <\/svg>\r\n    <\/summary>\r\n    <div class=\"cmsa-accordion-item__content\">\r\n        \n\n<p>Die Gruppe verzeichnete einen Umsatzanstieg von +3.2 %, der vor allem auf h&ouml;here Edelmetallpreise und nicht auf die operative Gesch&auml;ftst&auml;tigkeit zur&uuml;ckzuf&uuml;hren ist, w&auml;hrend der Umsatz ohne Edelmetalle um -15.2 % sank. Das ausgewiesene EBITDA stieg von mCHF 22.3 (9.9 %) im Jahr 2024 auf mCHF 51.6 (22.2 %), haupts&auml;chlich aufgrund positiver Effekte aus Buchwertanpassungen infolge gestiegener Edelmetallpreise.<\/p>\n\n\n\n<figure class=\"wp-block-image size-large is-resized\"><img loading=\"lazy\" decoding=\"async\" width=\"1024\" height=\"716\" src=\"https:\/\/www.cmsa.ch\/wp-content\/uploads\/2026\/04\/Nettoumsatz-2025-1024x716.webp\" alt=\"\" class=\"wp-image-8319\" style=\"width:500px\" srcset=\"https:\/\/www.cmsa.ch\/wp-content\/uploads\/2026\/04\/Nettoumsatz-2025-1024x716.webp 1024w, https:\/\/www.cmsa.ch\/wp-content\/uploads\/2026\/04\/Nettoumsatz-2025-300x210.webp 300w, https:\/\/www.cmsa.ch\/wp-content\/uploads\/2026\/04\/Nettoumsatz-2025-768x537.webp 768w, https:\/\/www.cmsa.ch\/wp-content\/uploads\/2026\/04\/Nettoumsatz-2025.webp 1405w\" sizes=\"auto, (max-width: 1024px) 100vw, 1024px\" \/><\/figure>\n\n\n\n<p>Das operative EBITDA unter Ber&uuml;cksichtigung der realisierten Gewinne aus Edelmetallen sank von mCHF 22.2 (9.9 % des Nettoumsatzes) im Jahr 2024 auf mCHF 21.7 (9.3 %). <\/p>\n\n\n\n<p>Wir liegen damit unter unseren Erwartungen hinsichtlich der operativen Ergebnisse, blicken jedoch angesichts der wirtschaftlichen Lage, geopolitischer Herausforderungen und der erfolgreichen Umsetzung zahlreicher Projekte positiv in die Zukunft. <\/p>\n\n\n\n<p>Das Wachstum im Bereich Medtech sowie die Erholung im Gesch&auml;ftsbereich Industry st&uuml;tzten die Rentabilit&auml;t und best&auml;tigen die Relevanz unserer Diversifizierungsstrategie. Insgesamt verf&uuml;gen wir trotz wirtschaftlicher Unsicherheit &uuml;ber eine robustere und agilere Gesamtstruktur.<\/p>\n\n\n\n<figure class=\"wp-block-image size-large is-resized\"><img loading=\"lazy\" decoding=\"async\" width=\"1024\" height=\"716\" src=\"https:\/\/www.cmsa.ch\/wp-content\/uploads\/2026\/04\/Umsatz-2025-1024x716.webp\" alt=\"\" class=\"wp-image-8318\" style=\"width:500px\" srcset=\"https:\/\/www.cmsa.ch\/wp-content\/uploads\/2026\/04\/Umsatz-2025-1024x716.webp 1024w, https:\/\/www.cmsa.ch\/wp-content\/uploads\/2026\/04\/Umsatz-2025-300x210.webp 300w, https:\/\/www.cmsa.ch\/wp-content\/uploads\/2026\/04\/Umsatz-2025-768x537.webp 768w, https:\/\/www.cmsa.ch\/wp-content\/uploads\/2026\/04\/Umsatz-2025.webp 1405w\" sizes=\"auto, (max-width: 1024px) 100vw, 1024px\" \/><\/figure>\n\n\r\n    <\/div>\r\n<\/details>\n\r\n            <\/div>\r\n\r\n    <\/div>\n\n<!--blockstudio\/cmsa-blocks\/faq--><div class=\"cmsa-faq-block\">\r\n            <div class=\"cmsa-faq-block__title-area\" data-align=\"left\">\r\n                            <h2 class=\"cmsa-faq-block__title\">CMO &ndash; Contract Manufacturing Operations<\/h2>\r\n                                        <svg xmlns=\"http:\/\/www.w3.org\/2000\/svg\" width=\"180\" height=\"1\" viewbox=\"0 0 180 1\" fill=\"none\" class=\"cmsa-faq-block__divider\">\r\n                    <line y1=\"0.5\" x2=\"180\" y2=\"0.5\" stroke=\"var(--wp--preset--color--primary, #e3001a)\"><\/line>\r\n                <\/svg>\r\n                <p class=\"cmsa-faq-block__description\">Trotz schwieriger Marktbedingungen hat die CMSA-Gruppe die Loyalit&auml;t ihrer Partner bewahrt und arbeitet mit ihnen an neuen Projekten mit. <br><br>Die Gruppe baut ihren Kundenstamm aus und bindet ihn, indem sie Cross-Selling-M&ouml;glichkeiten durch k&uuml;rzlich erworbene Unternehmen und Kompetenzen nutzt, was ihr Dienstleistungsangebot und ihre Fachkompetenz erweitert. <br><br>Kunden sehen CMSA als stabilen, zuverl&auml;ssigen, wertsch&ouml;pfungsstarken und hochqualifizierten Lieferanten mit einem breiten Spektrum an wertschaffenden Diensten. Die Einf&uuml;hrung des Key-Account-Managements und die verst&auml;rkte Zusammenarbeit zwischen den Standorten unterst&uuml;tzen diesen Fortschritt. <br><br>Die Gruppe ist bestrebt, hohe Service- und Qualit&auml;tsstandards aufrechtz&uuml;rhalten und gleichzeitig die Kosten durch Personaleffizienz und Prozessautomatisierung zu steuern.<\/p>\r\n                    <\/div>\r\n    \r\n    <div class=\"cmsa-faq-block__faq-wrapper\">\r\n                    \n<!--blockstudio\/cmsa-blocks\/accordion-item--><details class=\"cmsa-accordion-item\">\r\n    <summary>\r\n        <h3 class=\"cmsa-accordion-item__title\">Luxury Division<\/h3>\r\n        <svg width=\"17\" height=\"10\" viewbox=\"0 0 17 10\" fill=\"none\" class=\"faq-arrow\" xmlns=\"http:\/\/www.w3.org\/2000\/svg\">\r\n            <path d=\"M9.35547 9.23047C8.92578 9.66016 8.28125 9.66016 7.89453 9.23047L1.01953 2.35547C0.589844 1.96875 0.589844 1.32422 1.01953 0.9375C1.40625 0.507812 2.05078 0.507812 2.4375 0.9375L8.58203 7.08203L14.7695 0.894531C15.1562 0.507812 15.8008 0.507812 16.1875 0.894531C16.6172 1.32422 16.6172 1.96875 16.1875 2.35547L9.35547 9.23047Z\" fill=\"var(--wp--preset--color--basecolor, #362E30)\"><\/path>\r\n        <\/svg>\r\n    <\/summary>\r\n    <div class=\"cmsa-accordion-item__content\">\r\n        \n\n<p>Die Division <strong>Luxury <\/strong>verzeichnet einen starken R&uuml;ckgang, der zu einem Umsatzminus von &ndash;24 % im Jahresverlauf f&uuml;hrte. Dies ist vor allem auf die starke Abschw&auml;chung des Marktes zur&uuml;ckzuf&uuml;hren, insbesondere in diesem Jahr im h&ouml;heren Preissegment, und wurde durch &Uuml;berbest&auml;nde bei einigen unserer Kunden, die ihre Bestellungen entsprechend reduzierten, noch verst&auml;rkt. Die Auswirkungen variierten je nach Kunden- und Produktmix zwischen den Konzerngesellschaften.<\/p>\n\n\r\n    <\/div>\r\n<\/details>\n\n<!--blockstudio\/cmsa-blocks\/accordion-item--><details class=\"cmsa-accordion-item\">\r\n    <summary>\r\n        <h3 class=\"cmsa-accordion-item__title\">MedTech Division<\/h3>\r\n        <svg width=\"17\" height=\"10\" viewbox=\"0 0 17 10\" fill=\"none\" class=\"faq-arrow\" xmlns=\"http:\/\/www.w3.org\/2000\/svg\">\r\n            <path d=\"M9.35547 9.23047C8.92578 9.66016 8.28125 9.66016 7.89453 9.23047L1.01953 2.35547C0.589844 1.96875 0.589844 1.32422 1.01953 0.9375C1.40625 0.507812 2.05078 0.507812 2.4375 0.9375L8.58203 7.08203L14.7695 0.894531C15.1562 0.507812 15.8008 0.507812 16.1875 0.894531C16.6172 1.32422 16.6172 1.96875 16.1875 2.35547L9.35547 9.23047Z\" fill=\"var(--wp--preset--color--basecolor, #362E30)\"><\/path>\r\n        <\/svg>\r\n    <\/summary>\r\n    <div class=\"cmsa-accordion-item__content\">\r\n        \n\n<p>Im Gegensatz dazu verzeichnete die Division <strong>Medtech<\/strong> einen Umsatzanstieg von 2.7 %, der durch starke Ums&auml;tze im Audiologie Bereich getrieben wurde und negative geopolitische und marktbezogene Einfl&uuml;sse ausglich.<\/p>\n\n\r\n    <\/div>\r\n<\/details>\n\n<!--blockstudio\/cmsa-blocks\/accordion-item--><details class=\"cmsa-accordion-item\">\r\n    <summary>\r\n        <h3 class=\"cmsa-accordion-item__title\">Industry Division<\/h3>\r\n        <svg width=\"17\" height=\"10\" viewbox=\"0 0 17 10\" fill=\"none\" class=\"faq-arrow\" xmlns=\"http:\/\/www.w3.org\/2000\/svg\">\r\n            <path d=\"M9.35547 9.23047C8.92578 9.66016 8.28125 9.66016 7.89453 9.23047L1.01953 2.35547C0.589844 1.96875 0.589844 1.32422 1.01953 0.9375C1.40625 0.507812 2.05078 0.507812 2.4375 0.9375L8.58203 7.08203L14.7695 0.894531C15.1562 0.507812 15.8008 0.507812 16.1875 0.894531C16.6172 1.32422 16.6172 1.96875 16.1875 2.35547L9.35547 9.23047Z\" fill=\"var(--wp--preset--color--basecolor, #362E30)\"><\/path>\r\n        <\/svg>\r\n    <\/summary>\r\n    <div class=\"cmsa-accordion-item__content\">\r\n        \n\n<p>Die Division <strong>Industry <\/strong>verzeichnete einen organischen Umsatzanstieg von 13 % und profitierte dabei von einer gestiegenen Nachfrage sowie neuen branchen&uuml;bergreifenden Entwicklungsprojekten in den Bereichen Oberfl&auml;chenbehandlung und Zerspanung. Die j&uuml;ngsten Entwicklungen im Bereich der KI und die steigende Nachfrage nach Chips lassen hervorragende Aussichten erwarten.<\/p>\n\n\r\n    <\/div>\r\n<\/details>\n\r\n            <\/div>\r\n\r\n    <\/div>\n\n<!--blockstudio\/cmsa-blocks\/faq--><div class=\"cmsa-faq-block\">\r\n            <div class=\"cmsa-faq-block__title-area\" data-align=\"left\">\r\n                            <h2 class=\"cmsa-faq-block__title\">Dentalmarke &ndash; Cendres+M&eacute;taux<\/h2>\r\n                                        <svg xmlns=\"http:\/\/www.w3.org\/2000\/svg\" width=\"180\" height=\"1\" viewbox=\"0 0 180 1\" fill=\"none\" class=\"cmsa-faq-block__divider\">\r\n                    <line y1=\"0.5\" x2=\"180\" y2=\"0.5\" stroke=\"var(--wp--preset--color--primary, #e3001a)\"><\/line>\r\n                <\/svg>\r\n                <p class=\"cmsa-faq-block__description\">Der Umsatz der <strong>Dentalmarke<\/strong> sank im Jahr 2025 organisch um &ndash;9,6 %. Der Absatz von Edelmetall-Dentallegierungen ging aufgrund der Konkurrenz durch kosteng&uuml;nstigere Alternativen zur&uuml;ck, und US-Z&ouml;lle brachten unser US-Gesch&auml;ft fast zum Erliegen. Geopolitische Konflikte f&uuml;hrten zu einem weiteren Umsatzr&uuml;ckgang. <br><br>Die Entwicklung des neuen Produkts &bdquo;Supraloc&ldquo; schreitet langsam voran und nimmt mehr Zeit in Anspruch als erwartet.<\/p>\r\n                    <\/div>\r\n    \r\n    <div class=\"cmsa-faq-block__faq-wrapper\">\r\n                    \r\n            <\/div>\r\n\r\n    <\/div>\n\n<!--blockstudio\/cmsa-blocks\/faq--><div class=\"cmsa-faq-block\">\r\n            <div class=\"cmsa-faq-block__title-area\" data-align=\"left\">\r\n                            <h2 class=\"cmsa-faq-block__title\">Organisation der Gruppe<\/h2>\r\n                                        <svg xmlns=\"http:\/\/www.w3.org\/2000\/svg\" width=\"180\" height=\"1\" viewbox=\"0 0 180 1\" fill=\"none\" class=\"cmsa-faq-block__divider\">\r\n                    <line y1=\"0.5\" x2=\"180\" y2=\"0.5\" stroke=\"var(--wp--preset--color--primary, #e3001a)\"><\/line>\r\n                <\/svg>\r\n                <p class=\"cmsa-faq-block__description\">Die Gruppe hat die Organisationsstruktur angepasst und im Jahr 2025 total 86 Stellen (-13 %)* abgebaut, wobei die Kompetenzen gesichert wurden. Im Zuge dieser Anpassung wurden die Konzernfunktionen gestrafft, um eine agilere Struktur zu schaffen.<br><br><em>*Dies umfasst gek&uuml;ndigte Arbeitsvertr&auml;ge, die &uuml;ber das Jahr 2025 hinaus g&uuml;ltig sind, bei denen die Mitarbeiter jedoch nicht mehr f&uuml;r das Unternehmen t&auml;tig sind.h the employees no longer work for the company.<\/em><\/p>\r\n                    <\/div>\r\n    \r\n    <div class=\"cmsa-faq-block__faq-wrapper\">\r\n                    \r\n            <\/div>\r\n\r\n    <\/div>\n\n<!--blockstudio\/cmsa-blocks\/faq--><div class=\"cmsa-faq-block\">\r\n            <div class=\"cmsa-faq-block__title-area\" data-align=\"left\">\r\n                            <h2 class=\"cmsa-faq-block__title\">Ausblick f&uuml;r 2026<\/h2>\r\n                                        <svg xmlns=\"http:\/\/www.w3.org\/2000\/svg\" width=\"180\" height=\"1\" viewbox=\"0 0 180 1\" fill=\"none\" class=\"cmsa-faq-block__divider\">\r\n                    <line y1=\"0.5\" x2=\"180\" y2=\"0.5\" stroke=\"var(--wp--preset--color--primary, #e3001a)\"><\/line>\r\n                <\/svg>\r\n                <p class=\"cmsa-faq-block__description\">In der Division Luxury sind die Prognosen f&uuml;r 2026 nach wie vor unklar. Die Kunden haben ihre Langfristigen Auftr&auml;ge reduziert, um an Agilit&auml;t und Flexibilit&auml;t zu gewinnen. <br><br>Es gibt erste positive Anzeichen aus dem wachsenden chinesischen Markt f&uuml;r Schweizer Uhrenexporte sowie einige Nachbestellungen von Kunden, was darauf hindeutet, dass bestimmte Kunden einen niedrigeren Lagerbestand erreicht haben. <br><br>Die Division Medtech sorgt mit seinen mehrj&auml;hrigen Projekten f&uuml;r Planungssicherheit und Stabilit&auml;t, doch die in dieser Branche geforderten Preissenkungen und dem starken Schweizer Franken erschweren es, mit der Konkurrenz Schritt zu halten. <br><br>In der Division Industry bleibt der Halbleitermarkt stark und intakt, was sich positiv auf die mittel- und langfristigen Prognosen auswirkt. Neue technische Vertriebsmitarbeiter unterst&uuml;tzen den Vertrieb und die Gesch&auml;ftsentwicklung in der CMSA-Gruppe. <br><br>Das Management wird sich weiterhin auf die Sicherung der Liquidit&auml;t, Effizienzsteigerungen, Investitionen in Produktions-kapazit&auml;ten und ERP-Systeme sowie die St&auml;rkung der Unternehmenskultur konzentrieren, um eine nachhaltige Entwicklung zu gew&auml;hrleisten und die Gruppe unter einer einheitlichen Vision auszurichten.<\/p>\r\n                    <\/div>\r\n    \r\n    <div class=\"cmsa-faq-block__faq-wrapper\">\r\n                    \r\n            <\/div>\r\n\r\n    <\/div>\n\n<!--blockstudio\/cmsa-blocks\/faq--><div class=\"cmsa-faq-block\">\r\n            <div class=\"cmsa-faq-block__title-area\" data-align=\"left\">\r\n                            <h2 class=\"cmsa-faq-block__title\">Aktien und Dividenden<\/h2>\r\n                                        <svg xmlns=\"http:\/\/www.w3.org\/2000\/svg\" width=\"180\" height=\"1\" viewbox=\"0 0 180 1\" fill=\"none\" class=\"cmsa-faq-block__divider\">\r\n                    <line y1=\"0.5\" x2=\"180\" y2=\"0.5\" stroke=\"var(--wp--preset--color--primary, #e3001a)\"><\/line>\r\n                <\/svg>\r\n                <p class=\"cmsa-faq-block__description\">Das operative Ergebnis f&uuml;r 2025 liegt unter dem Vorjahreswert, doch angesichts der Umst&auml;nde blicken wir positiv auf das Ergebnis und die zuk&uuml;nftige Entwicklung. <br><br>Die wirtschaftliche Lage bleibt jedoch volatil, und wir m&uuml;ssen mit Vorsicht handeln. Daher schl&auml;gt der Verwaltungsrat eine Dividende von CHF 125 pro Aktie vor. Ende 2025 betrug der Wert einer Aktie der CMSA Holding SA CHF 4 650. Ein starkes Eigenkapital pro Aktie von CHF 16 930, positive Ergebnisse und langfristiges Wachstum werden dazu beitragen, die Attraktivit&auml;t der Aktien der CMSA Holding SA zu steigern. Wir danken unseren Aktion&auml;ren f&uuml;r ihre Treue und das Interesse, das sie der CMSA-Gruppe entgegenbringen.<\/p>\r\n                    <\/div>\r\n    \r\n    <div class=\"cmsa-faq-block__faq-wrapper\">\r\n                    \n<!--blockstudio\/cmsa-blocks\/accordion-item--><details class=\"cmsa-accordion-item\">\r\n    <summary>\r\n        <h3 class=\"cmsa-accordion-item__title\">Aktiensplit<\/h3>\r\n        <svg width=\"17\" height=\"10\" viewbox=\"0 0 17 10\" fill=\"none\" class=\"faq-arrow\" xmlns=\"http:\/\/www.w3.org\/2000\/svg\">\r\n            <path d=\"M9.35547 9.23047C8.92578 9.66016 8.28125 9.66016 7.89453 9.23047L1.01953 2.35547C0.589844 1.96875 0.589844 1.32422 1.01953 0.9375C1.40625 0.507812 2.05078 0.507812 2.4375 0.9375L8.58203 7.08203L14.7695 0.894531C15.1562 0.507812 15.8008 0.507812 16.1875 0.894531C16.6172 1.32422 16.6172 1.96875 16.1875 2.35547L9.35547 9.23047Z\" fill=\"var(--wp--preset--color--basecolor, #362E30)\"><\/path>\r\n        <\/svg>\r\n    <\/summary>\r\n    <div class=\"cmsa-accordion-item__content\">\r\n        \n\n<p>Die CMSA Holding SA verf&uuml;gt &uuml;ber 14&rsquo;000 Aktien, was zu einem hohen Aktienkurs f&uuml;hrt und den Handel mit den Aktien erschwert. Im vergangenen Jahr wurden 3 % der Aktien auf unserer Handelsplattform OTC-X gehandelt. <\/p>\n\n\n\n<p>Der Verwaltungsrat hat beschlossen, der Generalversammlung einen Aktiensplit im Verh&auml;ltnis 1:10 vorzuschlagen, um die Attraktivit&auml;t und die Handelbarkeit der Aktien zu erh&ouml;hen<\/p>\n\n\r\n    <\/div>\r\n<\/details>\n\r\n            <\/div>\r\n\r\n    <\/div>\n\n<!--blockstudio\/cmsa-blocks\/faq--><div class=\"cmsa-faq-block\">\r\n            <div class=\"cmsa-faq-block__title-area\" data-align=\"left\">\r\n                            <h2 class=\"cmsa-faq-block__title\">Neuer Name CMSA<\/h2>\r\n                                        <svg xmlns=\"http:\/\/www.w3.org\/2000\/svg\" width=\"180\" height=\"1\" viewbox=\"0 0 180 1\" fill=\"none\" class=\"cmsa-faq-block__divider\">\r\n                    <line y1=\"0.5\" x2=\"180\" y2=\"0.5\" stroke=\"var(--wp--preset--color--primary, #e3001a)\"><\/line>\r\n                <\/svg>\r\n                <p class=\"cmsa-faq-block__description\">An der Generalversammlung 2025 best&auml;tigten die Aktion&auml;re die Umfirmierung des Unternehmens in CMSA. CMSA steht f&uuml;r Contract Manufacturing Solutions Alliance und unterst&uuml;tzt den Weg der Gruppe zu einem international t&auml;tigen und anerkannten Akteur.<br><br>Ende 2025 &auml;nderten die Gruppengesellschaften ihren Namen in CMSA. Mit diesem Schritt sind unsere Mitarbeiter unter dem Namen CMSA vereint, arbeiten als ein Team zusammen und nutzen die Synergien und Chancen, die im Konzern bestehen.<\/p>\r\n                    <\/div>\r\n    \r\n    <div class=\"cmsa-faq-block__faq-wrapper\">\r\n                    \r\n            <\/div>\r\n\r\n    <\/div>\n\n<!--blockstudio\/cmsa-blocks\/faq--><div class=\"cmsa-faq-block\">\r\n            <div class=\"cmsa-faq-block__title-area\" data-align=\"left\">\r\n                            <h2 class=\"cmsa-faq-block__title\">&Auml;nderung der Statuten<\/h2>\r\n                                        <svg xmlns=\"http:\/\/www.w3.org\/2000\/svg\" width=\"180\" height=\"1\" viewbox=\"0 0 180 1\" fill=\"none\" class=\"cmsa-faq-block__divider\">\r\n                    <line y1=\"0.5\" x2=\"180\" y2=\"0.5\" stroke=\"var(--wp--preset--color--primary, #e3001a)\"><\/line>\r\n                <\/svg>\r\n                <p class=\"cmsa-faq-block__description\">An der Generalversammlung am 7. Mai 2026 werden wir unsere Aktion&auml;re bitten, &uuml;ber eine &Auml;nderung der Artikel 4 und 18 der Statuten abzustimmen. Diese &Auml;nderung von Artikel 4 ist erforderlich, um die Aktien im Verh&auml;ltnis 1:10 zu splitten, die Anzahl der Aktien von 14 000 auf 140 000 zu erh&ouml;hen und den Nennwert von CHF 100 auf CHF 10 zu reduzieren. Zudem haben wir Artikel 18 aus Gr&uuml;nden der Vereinfachung angepasst.<br><\/p>\r\n                    <\/div>\r\n    \r\n    <div class=\"cmsa-faq-block__faq-wrapper\">\r\n                    \r\n            <\/div>\r\n\r\n    <\/div>\n<\/div>\n<\/div>\n<\/section>\n","protected":false},"excerpt":{"rendered":"<p>Die Gruppe verzeichnete einen Umsatzanstieg von +3.2 %, der vor allem auf h\u00f6here Edelmetallpreise und nicht auf die operative Gesch\u00e4ftst\u00e4tigkeit zur\u00fcckzuf\u00fchren ist, w\u00e4hrend der Umsatz ohne Edelmetalle um -15.2 %&#8230;<\/p>\n","protected":false},"author":1,"featured_media":5812,"parent":8041,"menu_order":0,"comment_status":"closed","ping_status":"closed","template":"annual-report-page","meta":{"_acf_changed":false,"_gspb_post_css":".gsbp-fefed93{display:flex;justify-content:center;flex-direction:column;align-items:center;padding-top:var(--wp--custom--spacing--top, 0px);padding-bottom:var(--wp--custom--spacing--bottom, 0px);margin-top:0;margin-bottom:0;position:relative;overflow-x:clip}.gsbp-14f5165{max-width:100%;width:var(--wp--style--global--wide-size, 1440px);padding-left:var(--variable-small-section-spacing);padding-right:var(--variable-small-section-spacing);padding-top:0;padding-bottom:0}body .annual-page-title:is(h1,h2,h3,h4,h5,h6){display:inline-flex;flex-direction:column;column-gap:var(--spacing-m);row-gap:var(--spacing-m);padding-top:var(--variable-small-section-spacing);padding-bottom:var(--variable-small-section-spacing);z-index:2;position:relative;background-color:#ffffff66;border-top-left-radius:var(--dafault-radius);border-bottom-left-radius:var(--dafault-radius);border-top-right-radius:var(--dafault-radius);border-bottom-right-radius:var(--dafault-radius)}body .annual-page-title:is(h1,h2,h3,h4,h5,h6) .annual-page-title__specific-title{font-size:var(--wp--preset--font-size--custom-6, 16px);line-height:110%;font-weight:400;font-family:EuclidCircularARegular}.gsbp-2c00ba3,.gsbp-8825778{position:absolute;top:0;right:0;max-width:50vw}.gsbp-2c00ba3{aspect-ratio:792\/1097;max-height:fit-content;z-index:0}.gsbp-8825778{fill:var(--wp--preset--color--primary, #e3001a)}section:has(.gsbp-8825778){position:static!important}","footnotes":""},"class_list":["post-8047","page","type-page","status-publish","has-post-thumbnail","hentry"],"acf":[],"_links":{"self":[{"href":"https:\/\/www.cmsa.ch\/de\/wp-json\/wp\/v2\/pages\/8047","targetHints":{"allow":["GET"]}}],"collection":[{"href":"https:\/\/www.cmsa.ch\/de\/wp-json\/wp\/v2\/pages"}],"about":[{"href":"https:\/\/www.cmsa.ch\/de\/wp-json\/wp\/v2\/types\/page"}],"author":[{"embeddable":true,"href":"https:\/\/www.cmsa.ch\/de\/wp-json\/wp\/v2\/users\/1"}],"replies":[{"embeddable":true,"href":"https:\/\/www.cmsa.ch\/de\/wp-json\/wp\/v2\/comments?post=8047"}],"version-history":[{"count":6,"href":"https:\/\/www.cmsa.ch\/de\/wp-json\/wp\/v2\/pages\/8047\/revisions"}],"predecessor-version":[{"id":8320,"href":"https:\/\/www.cmsa.ch\/de\/wp-json\/wp\/v2\/pages\/8047\/revisions\/8320"}],"up":[{"embeddable":true,"href":"https:\/\/www.cmsa.ch\/de\/wp-json\/wp\/v2\/pages\/8041"}],"wp:featuredmedia":[{"embeddable":true,"href":"https:\/\/www.cmsa.ch\/de\/wp-json\/wp\/v2\/media\/5812"}],"wp:attachment":[{"href":"https:\/\/www.cmsa.ch\/de\/wp-json\/wp\/v2\/media?parent=8047"}],"curies":[{"name":"wp","href":"https:\/\/api.w.org\/{rel}","templated":true}]}}