{"id":7492,"date":"2026-03-18T08:58:53","date_gmt":"2026-03-18T08:58:53","guid":{"rendered":"https:\/\/www.cmsa.ch\/certifications-compliance\/"},"modified":"2026-04-14T07:40:03","modified_gmt":"2026-04-14T07:40:03","slug":"certifications-compliance","status":"publish","type":"page","link":"https:\/\/www.cmsa.ch\/fr\/certifications-compliance\/","title":{"rendered":"Certifications &#038; compliance"},"content":{"rendered":"<style>.gsbp-a275a92{display:flex;justify-content:center;flex-direction:column;align-items:center;padding-top:var(--wp--custom--spacing--top,0px);padding-bottom:var(--wp--custom--spacing--bottom,0px);margin-top:0;margin-bottom:0;position:relative}.gsbp-a502769{max-width:100%;width:var(--wp--style--global--wide-size,1440px);padding-left:var(--variable-small-section-spacing);padding-right:var(--variable-small-section-spacing);padding-top:var(--big-section-spacing);padding-bottom:var(--big-section-spacing)}.gsbp-a502769 .intro-content{padding-left:0!important}.gsbp-0dacec5{max-width:100%!important;width:var(--wp--style--global--content-size,848px)!important}@media (max-width:1139.98px){.gsbp-0dacec5{padding-left:0!important}}body.gspb-bodyfront .gsbp-0dacec5 a.wp-element-button:not([href]){display:none}<\/style><style>.gsbp-a275a92{display:flex;justify-content:center;flex-direction:column;align-items:center;padding-top:var(--wp--custom--spacing--top,0px);padding-bottom:var(--wp--custom--spacing--bottom,0px);margin-top:0;margin-bottom:0;position:relative}.gsbp-a502769{max-width:100%;width:var(--wp--style--global--wide-size,1440px);padding-left:var(--variable-small-section-spacing);padding-right:var(--variable-small-section-spacing);padding-top:var(--big-section-spacing);padding-bottom:var(--big-section-spacing)}.gsbp-a502769 .intro-content{padding-left:0!important}.gsbp-0dacec5{max-width:100%!important;width:var(--wp--style--global--content-size,848px)!important}@media (max-width:1139.98px){.gsbp-0dacec5{padding-left:0!important}}body.gspb-bodyfront .gsbp-0dacec5 a.wp-element-button:not([href]){display:none}<\/style><style>.gsbp-a275a92{display:flex;justify-content:center;flex-direction:column;align-items:center;padding-top:var(--wp--custom--spacing--top,0px);padding-bottom:var(--wp--custom--spacing--bottom,0px);margin-top:0px;margin-bottom:0px;position:relative;}<\/style>\n<section class=\"gsbp-a275a92 alignfull\" data-type=\"section-component\"><style>.gsbp-a502769{max-width:100%;width:var(--wp--style--global--wide-size,1440px);padding-left:var(--variable-small-section-spacing);padding-right:var(--variable-small-section-spacing);padding-top:var(--big-section-spacing);padding-bottom:var(--big-section-spacing);}.gsbp-a502769 .intro-content{padding-left:0 !important;}<\/style>\n<div class=\"greybg-rad-br gsbp-a502769\" data-type=\"content-area-component\"><style>.gsbp-0dacec5{max-width:100% !important;width:var(--wp--style--global--content-size,848px) !important;}@media (max-width:1139.98px){.gsbp-0dacec5{padding-left:0rem !important;}}<\/style>\n<div class=\"intro-content gsbp-0dacec5\">\n<p class=\"intro-content__pre-head\">Certification &amp; compliance<\/p>\n\n\n\n<h2 class=\"wp-block-heading intro-content__heading\" id=\"mastering-complexityin-luxury-components\">Fond\u00e9 sur une qualit\u00e9 certifi\u00e9e et des pratiques responsables<\/h2>\n\n\n\n<p class=\"intro-content__lede\">Nos certifications et engagements en mati\u00e8re de conformit\u00e9 refl\u00e8tent notre mani\u00e8re d\u2019op\u00e9rer dans l\u2019ensemble de nos activit\u00e9s. De la gestion de la qualit\u00e9 \u00e0 l\u2019approvisionnement responsable, ils garantissent la tra\u00e7abilit\u00e9, la fiabilit\u00e9 et le respect des normes industrielles et r\u00e9glementaires les plus exigeantes. <br><br>Vous pouvez consulter ci-dessous les certifications applicables \u00e0 chacun de nos sites de production.<\/p>\n\n\n\n<div class=\"wp-block-buttons intro-buttons-wrapper is-layout-flex wp-block-buttons-is-layout-flex\" style=\"margin-top:2.5rem\">\n\n<\/div>\n<\/div>\n<\/div>\n<\/section>\n\n\n\n<div style=\"height:50px\" aria-hidden=\"true\" class=\"wp-block-spacer\"><\/div>\n\n\n\n<h2 class=\"wp-block-heading\" id=\"cmsa-biel-bienne-sa\">CMSA Holding SA<\/h2>\n\n\n\n<div class=\"wp-block-buttons is-layout-flex wp-block-buttons-is-layout-flex\">\n<div class=\"wp-block-button\"><a class=\"wp-block-button__link wp-element-button\" href=\"https:\/\/cmsa.frontify.com\/share\/H8Qx8qMHtg2VYbjsW5J4\" target=\"_blank\" rel=\"noreferrer noopener\"><span class=\"btn-text\">RJC COP<\/span><\/a><\/div>\n<\/div>\n\n\n\n<div style=\"height:50px\" aria-hidden=\"true\" class=\"wp-block-spacer\"><\/div>\n\n\n\n<h2 class=\"wp-block-heading\" id=\"cmsa-biel-bienne-sa\">CMSA Biel\/Bienne SA<\/h2>\n\n\n\n<div class=\"wp-block-buttons is-layout-flex wp-block-buttons-is-layout-flex\">\n<div class=\"wp-block-button\"><a class=\"wp-block-button__link wp-element-button\" href=\"https:\/\/cmsa.frontify.com\/share\/NVKsUcLUPo6hX3V9jnxg\" target=\"_blank\" rel=\"noreferrer noopener\"><span class=\"btn-text\">ISO 9001 &amp; 14001<\/span><\/a><\/div>\n\n\n\n<div class=\"wp-block-button\"><a class=\"wp-block-button__link wp-element-button\" href=\"https:\/\/cmsa.frontify.com\/share\/k8wqfHLsF4FhjJzF19v3\" target=\"_blank\" rel=\"noreferrer noopener\"><span class=\"btn-text\">ISO 13485<\/span><\/a><\/div>\n\n\n\n<div class=\"wp-block-button\"><a class=\"wp-block-button__link wp-element-button\" href=\"https:\/\/cmsa.frontify.com\/share\/RYfjDstAvXfqgXQ4sxka\" target=\"_blank\" rel=\"noreferrer noopener\"><span class=\"btn-text\">ISO 17025<\/span><\/a><\/div>\n\n\n\n<div class=\"wp-block-button\"><a class=\"wp-block-button__link wp-element-button\" href=\"https:\/\/cmsa.frontify.com\/share\/PKzNFKV8ZneLzAF4ADqM\" target=\"_blank\" rel=\"noreferrer noopener\"><span class=\"btn-text\">RJC-COC<\/span><\/a><\/div>\n\n\n\n<div class=\"wp-block-button\"><a class=\"wp-block-button__link wp-element-button\" href=\"https:\/\/cmsa.frontify.com\/share\/MPHoNw1Q6zz3nChBUHAv\" target=\"_blank\" rel=\"noreferrer noopener\"><span class=\"btn-text\">Responsabilit\u00e9 soci\u00e9tale (EN)<\/span><\/a><\/div>\n<\/div>\n\n\n\n<div style=\"height:50px\" aria-hidden=\"true\" class=\"wp-block-spacer\"><\/div>\n\n\n\n<h2 class=\"wp-block-heading\" id=\"cmsa-boudry-sa\">CMSA Boudry SA<\/h2>\n\n\n\n<div class=\"wp-block-buttons is-layout-flex wp-block-buttons-is-layout-flex\">\n<div class=\"wp-block-button\"><a class=\"wp-block-button__link wp-element-button\" href=\"https:\/\/cmsa.frontify.com\/share\/snaxMtqX786dzjtNB25Y\" target=\"_blank\" rel=\"noreferrer noopener\"><span class=\"btn-text\">ISO 9001 &amp; 14001<\/span><\/a><\/div>\n\n\n\n<div class=\"wp-block-button\"><a class=\"wp-block-button__link wp-element-button\" href=\"https:\/\/cmsa.frontify.com\/share\/DYdasUqBJjyXSrBwdR13\" target=\"_blank\" rel=\"noreferrer noopener\"><span class=\"btn-text\">ISO 13485<\/span><\/a><\/div>\n<\/div>\n\n\n\n<div style=\"height:50px\" aria-hidden=\"true\" class=\"wp-block-spacer\"><\/div>\n\n\n\n<h2 class=\"wp-block-heading\" id=\"cmsa-la-chaux-de-fonds-sa\">CMSA La Chaux-de-Fonds SA<\/h2>\n\n\n\n<div class=\"wp-block-buttons is-layout-flex wp-block-buttons-is-layout-flex\">\n<div class=\"wp-block-button\"><a class=\"wp-block-button__link wp-element-button\" href=\"https:\/\/cmsa.frontify.com\/share\/zTQ9ATcevDYUtv7mEuSP\" target=\"_blank\" rel=\"noopener\"><span class=\"btn-text\">ISO 9001<\/span><\/a><\/div>\n\n\n\n<div class=\"wp-block-button\"><a class=\"wp-block-button__link wp-element-button\" href=\"https:\/\/cmsa.frontify.com\/share\/zV1sEstdqmd3Q5Rr8wwF\" target=\"_blank\" rel=\"noreferrer noopener\"><span class=\"btn-text\">ISO 13485<\/span><\/a><\/div>\n\n\n\n<div class=\"wp-block-button\"><a class=\"wp-block-button__link wp-element-button\" href=\"https:\/\/cmsa.frontify.com\/share\/hZNpLxb8DjMtZ7rouFfC\" target=\"_blank\" rel=\"noreferrer noopener\"><span class=\"btn-text\">RJC &#8211; COC<\/span><\/a><\/div>\n\n\n\n<div class=\"wp-block-button\"><a class=\"wp-block-button__link wp-element-button\" href=\"https:\/\/cmsa.frontify.com\/share\/JgE9cEzt5tBijHXggYXu\" target=\"_blank\" rel=\"noreferrer noopener\"><span class=\"btn-text\">Responsabilit\u00e9 soci\u00e9tale<\/span><\/a><\/div>\n<\/div>\n\n\n\n<div style=\"height:50px\" aria-hidden=\"true\" class=\"wp-block-spacer\"><\/div>\n\n\n\n<h2 class=\"wp-block-heading\" id=\"cmsa-la-chaux-de-fonds-sa\">CMSA Mittelh\u00e4usern SA<\/h2>\n\n\n\n<div class=\"wp-block-buttons is-layout-flex wp-block-buttons-is-layout-flex\">\n<div class=\"wp-block-button\"><a class=\"wp-block-button__link wp-element-button\" href=\"https:\/\/cmsa.frontify.com\/share\/Qtxy7ZH7JkC8Yv6qg7h2\" target=\"_blank\" rel=\"noreferrer noopener\"><span class=\"btn-text\">ISO 9001 &amp; 14001<\/span><\/a><\/div>\n<\/div>\n\n\n\n<div style=\"height:50px\" aria-hidden=\"true\" class=\"wp-block-spacer\"><\/div>\n\n\n\n<h2 class=\"wp-block-heading\" id=\"cmsa-saignelegier-sa\">CMSA Saignel\u00e9gier SA<\/h2>\n\n\n\n<div class=\"wp-block-buttons is-layout-flex wp-block-buttons-is-layout-flex\">\n<div class=\"wp-block-button\"><a class=\"wp-block-button__link wp-element-button\" href=\"https:\/\/cmsa.frontify.com\/share\/8d3HzdovyjxnZVLXSyTQ\" target=\"_blank\" rel=\"noreferrer noopener\"><span class=\"btn-text\">ISO 9001<\/span><\/a><\/div>\n\n\n\n<div class=\"wp-block-button\"><a class=\"wp-block-button__link wp-element-button\" href=\"https:\/\/cmsa.frontify.com\/share\/RePH3b7MPWGBGyudRzqG\" target=\"_blank\" rel=\"noreferrer noopener\"><span class=\"btn-text\">RJC &#8211; COC<\/span><\/a><\/div>\n\n\n\n<div class=\"wp-block-button\"><a class=\"wp-block-button__link wp-element-button\" href=\"https:\/\/cmsa.frontify.com\/share\/xjjigsXqP7HWYvLs9uHS\" target=\"_blank\" rel=\"noreferrer noopener\"><span class=\"btn-text\">Responsabilit\u00e9 soci\u00e9tale<\/span><\/a><\/div>\n<\/div>\n\n\n\n<div style=\"height:50px\" aria-hidden=\"true\" class=\"wp-block-spacer\"><\/div>\n\n\n\n<h2 class=\"wp-block-heading\" id=\"cmsa-saignelegier-sa\">Cendres+M\u00e9taux SA (dental)<\/h2>\n\n\n\n<div class=\"wp-block-buttons is-layout-flex wp-block-buttons-is-layout-flex\">\n<div class=\"wp-block-button\"><a class=\"wp-block-button__link wp-element-button\" href=\"https:\/\/cmsa.frontify.com\/share\/bgR3pyXGXEcfbZBvB265\" target=\"_blank\" rel=\"noreferrer noopener\"><span class=\"btn-text\">ISO 13485<\/span><\/a><\/div>\n\n\n\n<div class=\"wp-block-button\"><a class=\"wp-block-button__link wp-element-button\" href=\"https:\/\/cmsa.frontify.com\/share\/oxLjKTD8VqXJzUx4C9BM\" target=\"_blank\" rel=\"noreferrer noopener\"><span class=\"btn-text\">ISO 13485 &#8211; MDSAP<\/span><\/a><\/div>\n\n\n\n<div class=\"wp-block-button\"><a class=\"wp-block-button__link wp-element-button\" href=\"https:\/\/cmsa.frontify.com\/share\/fVE6BGjqgb1YZCY3NGyd\" target=\"_blank\" rel=\"noreferrer noopener\"><span class=\"btn-text\">EU Quality Management<\/span><\/a><\/div>\n<\/div>\n\n\n\n<section class=\"gsbp-95eebb9 alignfull\" data-type=\"section-component\">\n<div class=\"gsbp-00d26fc\" data-type=\"content-area-component\">\n<div style=\"height:100px\" aria-hidden=\"true\" class=\"wp-block-spacer\"><\/div>\n<\/div>\n<\/section>\n\n\n<style>.newsletter-section{display:flex;justify-content:center;flex-direction:column;align-items:center;margin-top:0;margin-bottom:0;position:relative}.newsletter-section-contents{max-width:100%;width:var(--wp--style--global--wide-size,1920px);display:flex;flex-direction:row;column-gap:var(--spacing-l);row-gap:var(--spacing-l);align-items:center;background-color:var(--wp--preset--color--basecolor,#362e30);padding-left:var(--variable-small-section-spacing);padding-right:var(--variable-small-section-spacing)}@media (max-width:1139.98px){.newsletter-section-contents{row-gap:0}}.newsletter-section-contents>:not(style):nth-of-type(3n+1){width:calc(33.33% - (var(--spacing-l)*(3 - 1)\/3))}@media (max-width:1139.98px){.newsletter-section-contents>:not(style):nth-of-type(3n+1){width:100%}}@media (max-width:575.98px){.newsletter-section-contents>:not(style):nth-of-type(3n+1){width:100%}}.newsletter-section-contents>:not(style):nth-of-type(3n+2){width:calc(33.33% - (var(--spacing-l)*(3 - 1)\/3))}@media (max-width:1139.98px){.newsletter-section-contents>:not(style):nth-of-type(3n+2){width:100%}}@media (max-width:575.98px){.newsletter-section-contents>:not(style):nth-of-type(3n+2){width:100%}}.newsletter-section-contents>:not(style):nth-of-type(3n+3){width:calc(33.33% - (var(--spacing-l)*(3 - 1)\/3))}@media (max-width:1139.98px){.newsletter-section-contents>:not(style):nth-of-type(3n+3){width:100%}}@media (max-width:575.98px){.newsletter-section-contents>:not(style):nth-of-type(3n+3){width:100%}}.newsletter-section-contents{flex-wrap:wrap}.gsbp-1e58031{align-self:start}.gsbp-cf5280e{max-width:100%}.form-text-wrapper .wp-block-heading{color:var(--wp--preset--color--contrastcolor,#ffffff);margin-bottom:.5rem}.form-text-wrapper p{color:#f2f2f299;line-height:132%;font-size:var(--wp--preset--font-size--custom-1,16px)}.gsbp-392c0c4{padding-top:var(--small-section-spacing)!important;padding-bottom:var(--small-section-spacing)!important}@media (max-width:1139.98px){.gsbp-392c0c4{padding-top:var(--spacing-m)!important;padding-bottom:var(--spacing-m)!important}}.gsbp-e574a3e{padding-top:var(--small-section-spacing)!important;padding-bottom:var(--small-section-spacing)!important}@media (max-width:1139.98px){.gsbp-e574a3e{padding-top:0!important;padding-bottom:var(--spacing-l)!important}}<\/style><style>.newsletter-section{display:flex;justify-content:center;flex-direction:column;align-items:center;margin-top:0;margin-bottom:0;position:relative}.newsletter-section-contents{max-width:100%;width:var(--wp--style--global--wide-size,1920px);display:flex;flex-direction:row;column-gap:var(--spacing-l);row-gap:var(--spacing-l);align-items:center;background-color:var(--wp--preset--color--basecolor,#362e30);padding-left:var(--variable-small-section-spacing);padding-right:var(--variable-small-section-spacing)}@media (max-width:1139.98px){.newsletter-section-contents{row-gap:0}}.newsletter-section-contents>:not(style):nth-of-type(3n+1){width:calc(33.33% - (var(--spacing-l)*(3 - 1)\/3))}@media (max-width:1139.98px){.newsletter-section-contents>:not(style):nth-of-type(3n+1){width:100%}}@media (max-width:575.98px){.newsletter-section-contents>:not(style):nth-of-type(3n+1){width:100%}}.newsletter-section-contents>:not(style):nth-of-type(3n+2){width:calc(33.33% - (var(--spacing-l)*(3 - 1)\/3))}@media (max-width:1139.98px){.newsletter-section-contents>:not(style):nth-of-type(3n+2){width:100%}}@media (max-width:575.98px){.newsletter-section-contents>:not(style):nth-of-type(3n+2){width:100%}}.newsletter-section-contents>:not(style):nth-of-type(3n+3){width:calc(33.33% - (var(--spacing-l)*(3 - 1)\/3))}@media (max-width:1139.98px){.newsletter-section-contents>:not(style):nth-of-type(3n+3){width:100%}}@media (max-width:575.98px){.newsletter-section-contents>:not(style):nth-of-type(3n+3){width:100%}}.newsletter-section-contents{flex-wrap:wrap}.gsbp-1e58031{align-self:start}.gsbp-cf5280e{max-width:100%}.form-text-wrapper .wp-block-heading{color:var(--wp--preset--color--contrastcolor,#ffffff);margin-bottom:.5rem}.form-text-wrapper p{color:#f2f2f299;line-height:132%;font-size:var(--wp--preset--font-size--custom-1,16px)}.gsbp-392c0c4{padding-top:var(--small-section-spacing)!important;padding-bottom:var(--small-section-spacing)!important}@media (max-width:1139.98px){.gsbp-392c0c4{padding-top:var(--spacing-m)!important;padding-bottom:var(--spacing-m)!important}}.gsbp-e574a3e{padding-top:var(--small-section-spacing)!important;padding-bottom:var(--small-section-spacing)!important}@media (max-width:1139.98px){.gsbp-e574a3e{padding-top:0!important;padding-bottom:var(--spacing-l)!important}}<\/style><style>.newsletter-section{display:flex;justify-content:center;flex-direction:column;align-items:center;margin-top:0px;margin-bottom:0px;position:relative;}<\/style>\n<section class=\"newsletter-section alignfull\" id=\"newsletter\"><style>.newsletter-section-contents{max-width:100%;width:var(--wp--style--global--wide-size,1920px);display:flex;flex-direction:row;column-gap:var(--spacing-l);row-gap:var(--spacing-l);flex-wrap:wrap;align-items:center;background-color:var(--wp--preset--color--basecolor,#362e30);padding-left:var(--variable-small-section-spacing);padding-right:var(--variable-small-section-spacing);}@media (max-width:1139.98px){.newsletter-section-contents{row-gap:0;}}.newsletter-section-contents>*:not(style):nth-of-type(3n+1){width:calc(33.33% - (var(--spacing-l) * (3 - 1) \/ 3));}@media (max-width:1139.98px){.newsletter-section-contents>*:not(style):nth-of-type(3n+1){width:100%;}}@media (max-width:575.98px){.newsletter-section-contents>*:not(style):nth-of-type(3n+1){width:100%;}}.newsletter-section-contents>*:not(style):nth-of-type(3n+2){width:calc(33.33% - (var(--spacing-l) * (3 - 1) \/ 3));}@media (max-width:1139.98px){.newsletter-section-contents>*:not(style):nth-of-type(3n+2){width:100%;}}@media (max-width:575.98px){.newsletter-section-contents>*:not(style):nth-of-type(3n+2){width:100%;}}.newsletter-section-contents>*:not(style):nth-of-type(3n+3){width:calc(33.33% - (var(--spacing-l) * (3 - 1) \/ 3));}@media (max-width:1139.98px){.newsletter-section-contents>*:not(style):nth-of-type(3n+3){width:100%;}}@media (max-width:575.98px){.newsletter-section-contents>*:not(style):nth-of-type(3n+3){width:100%;}}.newsletter-section-contents{flex-wrap:wrap;}<\/style>\n<div class=\"newsletter-section-contents\"><style>.gsbp-1e58031{align-self:start;}<\/style>\n<div class=\"gsbp-1e58031\"><style>.gsbp-cf5280e{max-width:100%;}<\/style>\n<svg fill=\"none\" viewbox=\"0 0 404 206\" width=\"404\" height=\"206\" class=\"gsbp-cf5280e\">\n<g xmlns=\"http:\/\/www.w3.org\/2000\/svg\" opacity=\"0.3\">\n<path d=\"M73.9395 132.061H190.947V206H73.5586C32.7774 206 6.75661e-05 172.841 0 132.441V15.0527H73.9395V132.061ZM404 132.441C404 172.841 371.223 206 330.441 206H213.053V132.06H330.061V15.0527H404V132.441ZM190.947 -124.061H73.9395V-7.05273H0V-124.441C5.03174e-05 -164.841 32.7774 -198 73.5586 -198H190.947V-124.061ZM330.441 -198C371.223 -198 404 -164.841 404 -124.441V-7.05273H330.061V-124.061H213.053V-198H330.441Z\" fill=\"white\"><\/path>\n<\/g>\n<\/svg>\n<\/div>\n\n\n<style>.form-text-wrapper .wp-block-heading{color:var(--wp--preset--color--contrastcolor,#ffffff);margin-bottom:0.5rem;}.form-text-wrapper p{color:#f2f2f299;line-height:132%;font-size:var(--wp--preset--font-size--custom-1,16px);}.gsbp-392c0c4{padding-top:var(--small-section-spacing) !important;padding-bottom:var(--small-section-spacing) !important;}@media (max-width:1139.98px){.gsbp-392c0c4{padding-top:var(--spacing-m) !important;padding-bottom:var(--spacing-m) !important;}}<\/style>\n<div class=\"form-text-wrapper gsbp-392c0c4\">\n<h2 class=\"wp-block-heading h3\" id=\"stay-informed-withthe-cmsa-newsletter\">Restez inform\u00e9 <br\/>avec la newsletter CMSA<\/h2>\n\n\n\n<p class=\"body-text\">Recevez des informations sur la fabrication avanc\u00e9e et l\u2019actualit\u00e9 de la marque, directement dans votre bo\u00eete de r\u00e9ception.<\/p>\n<\/div>\n\n\n<style>.gsbp-e574a3e{padding-top:var(--small-section-spacing) !important;padding-bottom:var(--small-section-spacing) !important;}@media (max-width:1139.98px){.gsbp-e574a3e{padding-top:0 !important;padding-bottom:var(--spacing-l) !important;}}<\/style>\n<div class=\"gsbp-e574a3e\"><div class='fluentform ff-default fluentform_wrapper_2  ff_guten_block ff_guten_block-2 ffs_custom_wrap'><form data-form_id=\"2\" id=\"fluentform_2\" class=\"frm-fluent-form fluent_form_2 ff-el-form-top ff_form_instance_2_1 ff-form-loading ffs_custom\" data-form_instance=\"ff_form_instance_2_1\" method=\"POST\" ><fieldset  style=\"border: none!important;margin: 0!important;padding: 0!important;background-color: transparent!important;box-shadow: none!important;outline: none!important; min-inline-size: 100%;\">\n                    <legend class=\"ff_screen_reader_title\" style=\"display: block; margin: 0!important;padding: 0!important;height: 0!important;text-indent: -999999px;width: 0!important;overflow:hidden;\">Subscription Form<\/legend>        <div\n                style=\"display: none!important; position: absolute!important; transform: translateX(1000%)!important;\"\n                class=\"ff-el-group ff-hpsf-container\"\n        >\n            <div class=\"ff-el-input--label asterisk-right\">\n                <label for=\"ff_2_item_sf\" aria-label=\"Contact\">\n                    Contact                <\/label>\n            <\/div>\n            <div class=\"ff-el-input--content\">\n                <input type=\"text\"\n                       name=\"item_2__fluent_sf\"\n                       class=\"ff-el-form-control\"\n                       id=\"ff_2_item_sf\"\n                \/>\n            <\/div>\n        <\/div>\n                <input type=\"hidden\" id=\"__fluent_protection_token_2\" class=\"fluent-form-token-field\" name=\"__fluent_protection_token_2\">\n        <input type='hidden' name='__fluent_form_embded_post_id' value='7492' \/><input type=\"hidden\" id=\"_fluentform_2_fluentformnonce\" name=\"_fluentform_2_fluentformnonce\" value=\"b55eb3ca2f\" \/><input type=\"hidden\" name=\"_wp_http_referer\" value=\"\/fr\/wp-json\/wp\/v2\/pages\/7492\" \/><div data-name=\"ff_cn_id_1\"  class='ff-t-container ff-column-container ff_columns_total_1 subscription-wrapper'><div class='ff-t-cell ff-t-column-1' style='flex-basis: 100%;'><div class='ff-el-group ff-el-form-hide_label email-wrapper'><div class=\"ff-el-input--label ff-el-is-required asterisk-right\"><label for='ff_2_email' id='label_ff_2_email' aria-label=\"E-mail\">E-mail<\/label><\/div><div class='ff-el-input--content'><input type=\"email\" name=\"email\" id=\"ff_2_email\" class=\"ff-el-form-control\" placeholder=\"Saisissez votre adresse e-mail\u2026\" data-name=\"email\" tabindex=\"1\"  aria-invalid=\"false\" aria-required=true><\/div><\/div><div class='ff-el-group ff-text-left ff_submit_btn_wrapper ff_submit_btn_wrapper_custom'><button class='ff-btn-submit' type='submit' aria-label='Submit The Form'><img style='max-width: 200px;' src='\/wp-content\/uploads\/2025\/08\/long-arrow-right.svg' alt='Submit Form'><\/button><style>form.fluent_form_2 .wpf_has_custom_css.ff-btn-submit { background-color:#1a7efb;border-color:#1a7efb;color:#ffffff;min-width:100%; }form.fluent_form_2 .wpf_has_custom_css.ff-btn-submit:hover { background-color:#ffffff;border-color:#1a7efb;color:#1a7efb;min-width:100%; } <\/style><\/div><\/div><\/div><div class='ff-el-group    ff-el-input--content'><div class='ff-el-form-check ff-el-tc'><label aria-label='Terms and Conditions: J&#039;ai lu et j&#039;accepte la politique de confidentialit\u00e9. Contains 1 link. Use tab navigation to review.' class='ff-el-form-check-label ff_tc_label' for=privacy_poicy_e1033f53619d06e521da7a526eb01a4c><span class='ff_tc_checkbox'><input type=\"checkbox\" name=\"privacy_poicy\" class=\"ff-el-form-check-input\" data-name=\"privacy_poicy\" id=\"privacy_poicy_e1033f53619d06e521da7a526eb01a4c\" tabindex=\"3\"  value='on' aria-invalid='false' aria-required=true><\/span> <div class='ff_t_c'><p>J&rsquo;ai lu et j&rsquo;accepte la <a href=\"#\" target=\"_blank\" rel=\"noopener\">politique de confidentialit\u00e9<\/a>.<\/p><\/div><\/label><\/div><\/div><\/fieldset><\/form><div id='fluentform_2_errors' class='ff-errors-in-stack ff_form_instance_2_1 ff-form-loading_errors ff_form_instance_2_1_errors'><\/div><\/div>            <script type=\"text\/javascript\">\n                window.fluent_form_ff_form_instance_2_1 = {\"id\":\"2\",\"settings\":{\"layout\":{\"labelPlacement\":\"top\",\"helpMessagePlacement\":\"with_label\",\"errorMessagePlacement\":\"stackToBottom\",\"asteriskPlacement\":\"asterisk-right\"},\"restrictions\":{\"denyEmptySubmission\":{\"enabled\":false}}},\"form_instance\":\"ff_form_instance_2_1\",\"form_id_selector\":\"fluentform_2\",\"rules\":{\"email\":{\"required\":{\"value\":true,\"message\":\"Le adresse e-mail est obligatoire\",\"global\":false,\"global_message\":\"This field is required\"},\"email\":{\"value\":true,\"message\":\"Ce champ doit contenir un courriel valide\",\"global\":false,\"global_message\":\"This field must contain a valid email\"}},\"privacy_poicy\":{\"required\":{\"value\":true,\"message\":\"Vous devez accepter la politique de confidentialit\\u00e9\",\"global_message\":\"This field is required\",\"global\":false}}},\"debounce_time\":300};\n                            <\/script>\n            <\/div>\n<\/div>\n<\/section>\n","protected":false},"excerpt":{"rendered":"<p>Aper\u00e7u des certifications et engagements de conformit\u00e9 de CMSA sur l\u2019ensemble de ses sites de production, garantissant qualit\u00e9, tra\u00e7abilit\u00e9 et pratiques responsables.<\/p>\n","protected":false},"author":4,"featured_media":6057,"parent":0,"menu_order":0,"comment_status":"closed","ping_status":"closed","template":"","meta":{"_acf_changed":false,"_gspb_post_css":"","footnotes":""},"class_list":["post-7492","page","type-page","status-publish","has-post-thumbnail","hentry"],"acf":[],"_links":{"self":[{"href":"https:\/\/www.cmsa.ch\/fr\/wp-json\/wp\/v2\/pages\/7492","targetHints":{"allow":["GET"]}}],"collection":[{"href":"https:\/\/www.cmsa.ch\/fr\/wp-json\/wp\/v2\/pages"}],"about":[{"href":"https:\/\/www.cmsa.ch\/fr\/wp-json\/wp\/v2\/types\/page"}],"author":[{"embeddable":true,"href":"https:\/\/www.cmsa.ch\/fr\/wp-json\/wp\/v2\/users\/4"}],"replies":[{"embeddable":true,"href":"https:\/\/www.cmsa.ch\/fr\/wp-json\/wp\/v2\/comments?post=7492"}],"version-history":[{"count":11,"href":"https:\/\/www.cmsa.ch\/fr\/wp-json\/wp\/v2\/pages\/7492\/revisions"}],"predecessor-version":[{"id":8335,"href":"https:\/\/www.cmsa.ch\/fr\/wp-json\/wp\/v2\/pages\/7492\/revisions\/8335"}],"wp:featuredmedia":[{"embeddable":true,"href":"https:\/\/www.cmsa.ch\/fr\/wp-json\/wp\/v2\/media\/6057"}],"wp:attachment":[{"href":"https:\/\/www.cmsa.ch\/fr\/wp-json\/wp\/v2\/media?parent=7492"}],"curies":[{"name":"wp","href":"https:\/\/api.w.org\/{rel}","templated":true}]}}