{"id":8045,"date":"2026-04-08T13:17:26","date_gmt":"2026-04-08T13:17:26","guid":{"rendered":"https:\/\/www.cmsa.ch\/?page_id=8045"},"modified":"2026-04-10T08:35:10","modified_gmt":"2026-04-10T08:35:10","slug":"resume-operationnel","status":"publish","type":"page","link":"https:\/\/www.cmsa.ch\/fr\/rapport-annuel\/resume-operationnel\/","title":{"rendered":"R\u00e9sum\u00e9"},"content":{"rendered":"\n<section class=\"highlights-listing-section alignfull\" data-type=\"section-component\">\n<div class=\"highlights-container\" data-type=\"content-area-component\">\n<div class=\"gsbp-128e907 collapsible-sticky-toc gsbp-128e907\"><!--blockstudio\/cmsa-blocks\/toc-->\r\n<nav class=\"dynamic-toc\" \r\n     aria-label=\"Table des mati\u00e8res\" \r\n              data-restricted=\"cmsa-faq-block__title-area\"\r\n      \r\n     data-min=\"2\" \r\n     data-max=\"2\" \r\n     data-sticky=\"1\">\r\n    <button class=\"mobile-collapse-btn wp-block-button__link wp-element-button\">\r\n        Table of Contents    <\/button>\r\n    <div class=\"dynamic-toc-list\">\r\n         \r\n    <\/div>\r\n<\/nav>\r\n<\/div>\n\n\n\n<div class=\"highlights-wrapper\"><!--blockstudio\/cmsa-blocks\/faq-block-wrapper-->\n<!--blockstudio\/cmsa-blocks\/faq--><div class=\"cmsa-faq-block\">\r\n            <div class=\"cmsa-faq-block__title-area\" data-align=\"left\">\r\n                            <h2 class=\"cmsa-faq-block__title\">Performance op&eacute;rationnelle<\/h2>\r\n                                        <svg xmlns=\"http:\/\/www.w3.org\/2000\/svg\" width=\"180\" height=\"1\" viewbox=\"0 0 180 1\" fill=\"none\" class=\"cmsa-faq-block__divider\">\r\n                    <line y1=\"0.5\" x2=\"180\" y2=\"0.5\" stroke=\"var(--wp--preset--color--primary, #e3001a)\"><\/line>\r\n                <\/svg>\r\n                <p class=\"cmsa-faq-block__description\">L&rsquo;ann&eacute;e 2025 a poursuivi sa tendance baissi&egrave;re, avec un recul plus marqu&eacute; que pr&eacute;vu dans la division Luxury, tandis que les divisions Medtech et Industrie ont respectivement progress&eacute; et rebondi. Les ventes de la marque dentaire ont &eacute;t&eacute; p&eacute;nalis&eacute;es par la hausse des prix des m&eacute;taux pr&eacute;cieux, les droits de douane am&eacute;ricains et la liquidation de ses filiales.<\/p>\r\n                    <\/div>\r\n    \r\n    <div class=\"cmsa-faq-block__faq-wrapper\">\r\n                    \n<!--blockstudio\/cmsa-blocks\/accordion-item--><details class=\"cmsa-accordion-item\">\r\n    <summary>\r\n        <h3 class=\"cmsa-accordion-item__title\"><strong>2025, poursuite de la tendance baissi&egrave;re, stabilisation &agrave; un niveau plus bas<\/strong><\/h3>\r\n        <svg width=\"17\" height=\"10\" viewbox=\"0 0 17 10\" fill=\"none\" class=\"faq-arrow\" xmlns=\"http:\/\/www.w3.org\/2000\/svg\">\r\n            <path d=\"M9.35547 9.23047C8.92578 9.66016 8.28125 9.66016 7.89453 9.23047L1.01953 2.35547C0.589844 1.96875 0.589844 1.32422 1.01953 0.9375C1.40625 0.507812 2.05078 0.507812 2.4375 0.9375L8.58203 7.08203L14.7695 0.894531C15.1562 0.507812 15.8008 0.507812 16.1875 0.894531C16.6172 1.32422 16.6172 1.96875 16.1875 2.35547L9.35547 9.23047Z\" fill=\"var(--wp--preset--color--basecolor, #362E30)\"><\/path>\r\n        <\/svg>\r\n    <\/summary>\r\n    <div class=\"cmsa-accordion-item__content\">\r\n        \n\n<p>Le Groupe affiche une hausse du chiffre d&rsquo;affaires de +3,2 %, principalement li&eacute;e &agrave; l&rsquo;augmentation des prix des m&eacute;taux pr&eacute;cieux et non aux activit&eacute;s op&eacute;rationnelles. <\/p>\n\n\n\n<p>Le chiffre d&rsquo;affaires hors m&eacute;taux pr&eacute;cieux a recul&eacute; de &ndash;15,2 % en 2025. L&rsquo;EBITDA publi&eacute; (&laquo; b&eacute;n&eacute;fice avant int&eacute;r&ecirc;ts, imp&ocirc;ts et amortissements &raquo;) est pass&eacute; de 22,3 mCHF (9,9 %) &agrave; 51,6 mCHF (22,2 %), port&eacute; par des ajustements de valeur li&eacute;s &agrave; la hausse des prix des m&eacute;taux pr&eacute;cieux.<\/p>\n\n\n\n<figure class=\"wp-block-image size-large is-resized\"><img loading=\"lazy\" decoding=\"async\" width=\"1024\" height=\"716\" src=\"https:\/\/www.cmsa.ch\/wp-content\/uploads\/2026\/04\/Chiffre-daffaire-net-2025-1024x716.webp\" alt=\"\" class=\"wp-image-8321\" style=\"width:500px\" srcset=\"https:\/\/www.cmsa.ch\/wp-content\/uploads\/2026\/04\/Chiffre-daffaire-net-2025-1024x716.webp 1024w, https:\/\/www.cmsa.ch\/wp-content\/uploads\/2026\/04\/Chiffre-daffaire-net-2025-300x210.webp 300w, https:\/\/www.cmsa.ch\/wp-content\/uploads\/2026\/04\/Chiffre-daffaire-net-2025-768x537.webp 768w, https:\/\/www.cmsa.ch\/wp-content\/uploads\/2026\/04\/Chiffre-daffaire-net-2025.webp 1405w\" sizes=\"auto, (max-width: 1024px) 100vw, 1024px\" \/><\/figure>\n\n\n\n<p>L&rsquo;EBITDA op&eacute;rationnel, tenant compte des gains r&eacute;alis&eacute;s sur les m&eacute;taux pr&eacute;cieux, a diminu&eacute; de 22,2 mCHF (9,9 % du chiffre d&rsquo;affaires) en 2024 &agrave; 21,7 mCHF (9,3 % du chiffre d&rsquo;affaires). <\/p>\n\n\n\n<p>Ces r&eacute;sultats op&eacute;rationnels restent nettement en dessous de nos attentes. Toutefois, compte tenu de la situation &eacute;conomique et des d&eacute;fis g&eacute;opolitiques, ainsi que de la r&eacute;ussite de nombreux projets au cours de la p&eacute;riode, nous abordons l&rsquo;avenir avec confiance. <\/p>\n\n\n\n<p>La progression de la division Medtech et le rebond de la division Industrie ont soutenu la rentabilit&eacute;. Cette situation confirme la pertinence de la strat&eacute;gie de diversification autour de nos comp&eacute;tences cl&eacute;s. Nous disposons aujourd&rsquo;hui d&rsquo;une structure globale plus robuste et plus agile face aux incertitudes &eacute;conomiques.<\/p>\n\n\n\n<figure class=\"wp-block-image size-large is-resized\"><img loading=\"lazy\" decoding=\"async\" width=\"1024\" height=\"716\" src=\"https:\/\/www.cmsa.ch\/wp-content\/uploads\/2026\/04\/Chiffre-daffaire-2025-1024x716.webp\" alt=\"\" class=\"wp-image-8323\" style=\"width:500px\" srcset=\"https:\/\/www.cmsa.ch\/wp-content\/uploads\/2026\/04\/Chiffre-daffaire-2025-1024x716.webp 1024w, https:\/\/www.cmsa.ch\/wp-content\/uploads\/2026\/04\/Chiffre-daffaire-2025-300x210.webp 300w, https:\/\/www.cmsa.ch\/wp-content\/uploads\/2026\/04\/Chiffre-daffaire-2025-768x537.webp 768w, https:\/\/www.cmsa.ch\/wp-content\/uploads\/2026\/04\/Chiffre-daffaire-2025.webp 1405w\" sizes=\"auto, (max-width: 1024px) 100vw, 1024px\" \/><\/figure>\n\n\r\n    <\/div>\r\n<\/details>\n\r\n            <\/div>\r\n\r\n    <\/div>\n\n<!--blockstudio\/cmsa-blocks\/faq--><div class=\"cmsa-faq-block\">\r\n            <div class=\"cmsa-faq-block__title-area\" data-align=\"left\">\r\n                            <h2 class=\"cmsa-faq-block__title\">CMO &ndash; Contract Manufacturing Operations<\/h2>\r\n                                        <svg xmlns=\"http:\/\/www.w3.org\/2000\/svg\" width=\"180\" height=\"1\" viewbox=\"0 0 180 1\" fill=\"none\" class=\"cmsa-faq-block__divider\">\r\n                    <line y1=\"0.5\" x2=\"180\" y2=\"0.5\" stroke=\"var(--wp--preset--color--primary, #e3001a)\"><\/line>\r\n                <\/svg>\r\n                <p class=\"cmsa-faq-block__description\">Malgr&eacute; des conditions de march&eacute; difficiles, le Groupe CMSA a maintenu la fid&eacute;lit&eacute; de ses partenaires et poursuit le d&eacute;veloppement de nouveaux projets. <br><br>Le Groupe &eacute;largit et fid&eacute;lise sa client&egrave;le en tirant parti des opportunit&eacute;s de cross-selling issues des soci&eacute;t&eacute;s r&eacute;cemment acquises et de leurs comp&eacute;tences, renfor&ccedil;ant ainsi son offre de services et son expertise. <br><br>Nos clients consid&egrave;rent CMSA comme un fournisseur stable, fiable, &agrave; forte valeur ajout&eacute;e et hautement qualifi&eacute;, offrant une large gamme de services. L&rsquo;introduction du Key Account Management ainsi que le renforcement de la collaboration entre les sites soutiennent cette dynamique. <br><br>Le Groupe s&rsquo;engage &agrave; maintenir des standards &eacute;lev&eacute;s de qualit&eacute; et de service, tout en ma&icirc;trisant ses co&ucirc;ts gr&acirc;ce &agrave; l&rsquo;optimisation des effectifs et &agrave; l&rsquo;automatisation des processus.<br><\/p>\r\n                    <\/div>\r\n    \r\n    <div class=\"cmsa-faq-block__faq-wrapper\">\r\n                    \n<!--blockstudio\/cmsa-blocks\/accordion-item--><details class=\"cmsa-accordion-item\">\r\n    <summary>\r\n        <h3 class=\"cmsa-accordion-item__title\">Division Luxury<\/h3>\r\n        <svg width=\"17\" height=\"10\" viewbox=\"0 0 17 10\" fill=\"none\" class=\"faq-arrow\" xmlns=\"http:\/\/www.w3.org\/2000\/svg\">\r\n            <path d=\"M9.35547 9.23047C8.92578 9.66016 8.28125 9.66016 7.89453 9.23047L1.01953 2.35547C0.589844 1.96875 0.589844 1.32422 1.01953 0.9375C1.40625 0.507812 2.05078 0.507812 2.4375 0.9375L8.58203 7.08203L14.7695 0.894531C15.1562 0.507812 15.8008 0.507812 16.1875 0.894531C16.6172 1.32422 16.6172 1.96875 16.1875 2.35547L9.35547 9.23047Z\" fill=\"var(--wp--preset--color--basecolor, #362E30)\"><\/path>\r\n        <\/svg>\r\n    <\/summary>\r\n    <div class=\"cmsa-accordion-item__content\">\r\n        \n\n<p>La division <strong>Luxury<\/strong> enregistre un fort recul, avec une baisse du chiffre d&rsquo;affaires de &ndash;24 % sur l&rsquo;ann&eacute;e, principalement due au ralentissement marqu&eacute; du march&eacute;, notamment sur le segment haut de gamme, ainsi qu&rsquo;&agrave; des niveaux de stocks &eacute;lev&eacute;s chez certains clients. L&rsquo;impact varie selon les soci&eacute;t&eacute;s du Groupe, en fonction de leur client&egrave;le et de leur portefeuille produits.<\/p>\n\n\r\n    <\/div>\r\n<\/details>\n\n<!--blockstudio\/cmsa-blocks\/accordion-item--><details class=\"cmsa-accordion-item\">\r\n    <summary>\r\n        <h3 class=\"cmsa-accordion-item__title\">Division MedTech<\/h3>\r\n        <svg width=\"17\" height=\"10\" viewbox=\"0 0 17 10\" fill=\"none\" class=\"faq-arrow\" xmlns=\"http:\/\/www.w3.org\/2000\/svg\">\r\n            <path d=\"M9.35547 9.23047C8.92578 9.66016 8.28125 9.66016 7.89453 9.23047L1.01953 2.35547C0.589844 1.96875 0.589844 1.32422 1.01953 0.9375C1.40625 0.507812 2.05078 0.507812 2.4375 0.9375L8.58203 7.08203L14.7695 0.894531C15.1562 0.507812 15.8008 0.507812 16.1875 0.894531C16.6172 1.32422 16.6172 1.96875 16.1875 2.35547L9.35547 9.23047Z\" fill=\"var(--wp--preset--color--basecolor, #362E30)\"><\/path>\r\n        <\/svg>\r\n    <\/summary>\r\n    <div class=\"cmsa-accordion-item__content\">\r\n        \n\n<p>&Agrave; l&rsquo;inverse, la division <strong>Medtech<\/strong> affiche une croissance de +2,7 %, port&eacute;e notamment par de solides ventes dans le secteur de l&rsquo;audiologie, compensant les effets n&eacute;gatifs du contexte g&eacute;opolitique et du march&eacute;. Nous avons poursuivi le d&eacute;veloppement de nos capacit&eacute;s de prototypage, l&rsquo;am&eacute;lioration de l&rsquo;efficacit&eacute; des co&ucirc;ts et de la productivit&eacute;, ainsi que l&rsquo;optimisation de nos processus de production.<\/p>\n\n\r\n    <\/div>\r\n<\/details>\n\n<!--blockstudio\/cmsa-blocks\/accordion-item--><details class=\"cmsa-accordion-item\">\r\n    <summary>\r\n        <h3 class=\"cmsa-accordion-item__title\">Division Industry<\/h3>\r\n        <svg width=\"17\" height=\"10\" viewbox=\"0 0 17 10\" fill=\"none\" class=\"faq-arrow\" xmlns=\"http:\/\/www.w3.org\/2000\/svg\">\r\n            <path d=\"M9.35547 9.23047C8.92578 9.66016 8.28125 9.66016 7.89453 9.23047L1.01953 2.35547C0.589844 1.96875 0.589844 1.32422 1.01953 0.9375C1.40625 0.507812 2.05078 0.507812 2.4375 0.9375L8.58203 7.08203L14.7695 0.894531C15.1562 0.507812 15.8008 0.507812 16.1875 0.894531C16.6172 1.32422 16.6172 1.96875 16.1875 2.35547L9.35547 9.23047Z\" fill=\"var(--wp--preset--color--basecolor, #362E30)\"><\/path>\r\n        <\/svg>\r\n    <\/summary>\r\n    <div class=\"cmsa-accordion-item__content\">\r\n        \n\n<p>La division <strong>Industry<\/strong> enregistre une croissance organique de +13 %, soutenue par une demande accrue et de nouveaux projets transversaux, notamment dans le traitement de surface et l&rsquo;usinage. Les d&eacute;veloppements r&eacute;cents dans l&rsquo;intelligence artificielle et la demande en puces laissent entrevoir d&rsquo;excellentes perspectives.<\/p>\n\n\r\n    <\/div>\r\n<\/details>\n\r\n            <\/div>\r\n\r\n    <\/div>\n\n<!--blockstudio\/cmsa-blocks\/faq--><div class=\"cmsa-faq-block\">\r\n            <div class=\"cmsa-faq-block__title-area\" data-align=\"left\">\r\n                            <h2 class=\"cmsa-faq-block__title\">Dental Brand &ndash; Cendres+M&eacute;taux<\/h2>\r\n                                        <svg xmlns=\"http:\/\/www.w3.org\/2000\/svg\" width=\"180\" height=\"1\" viewbox=\"0 0 180 1\" fill=\"none\" class=\"cmsa-faq-block__divider\">\r\n                    <line y1=\"0.5\" x2=\"180\" y2=\"0.5\" stroke=\"var(--wp--preset--color--primary, #e3001a)\"><\/line>\r\n                <\/svg>\r\n                <p class=\"cmsa-faq-block__description\">Le chiffre d&rsquo;affaires du <strong>Dental Brand<\/strong> a recul&eacute; organiquement de &ndash;9,6 % en 2025. Les ventes d&rsquo;alliages dentaires en m&eacute;taux pr&eacute;cieux ont diminu&eacute; en raison de la concurrence de produits de substitution moins co&ucirc;teux, tandis que les droits de douane am&eacute;ricains ont entra&icirc;n&eacute; l&rsquo;arr&ecirc;t de nos activit&eacute;s aux &Eacute;tats-Unis. Les conflits g&eacute;opolitiques ont &eacute;galement pes&eacute; sur le chiffre d&rsquo;affaires. <br><br>Le d&eacute;veloppement du nouveau produit &laquo; Supraloc &raquo; progresse lentement et n&eacute;cessite plus de temps que pr&eacute;vu.<\/p>\r\n                    <\/div>\r\n    \r\n    <div class=\"cmsa-faq-block__faq-wrapper\">\r\n                    \r\n            <\/div>\r\n\r\n    <\/div>\n\n<!--blockstudio\/cmsa-blocks\/faq--><div class=\"cmsa-faq-block\">\r\n            <div class=\"cmsa-faq-block__title-area\" data-align=\"left\">\r\n                            <h2 class=\"cmsa-faq-block__title\">Organisation du groupe<\/h2>\r\n                                        <svg xmlns=\"http:\/\/www.w3.org\/2000\/svg\" width=\"180\" height=\"1\" viewbox=\"0 0 180 1\" fill=\"none\" class=\"cmsa-faq-block__divider\">\r\n                    <line y1=\"0.5\" x2=\"180\" y2=\"0.5\" stroke=\"var(--wp--preset--color--primary, #e3001a)\"><\/line>\r\n                <\/svg>\r\n                <p class=\"cmsa-faq-block__description\">Le Groupe a adapt&eacute; sa structure organisationnelle et r&eacute;duit ses effectifs de 86 postes (&ndash;13 %)* en 2025, tout en pr&eacute;servant les comp&eacute;tences cl&eacute;s. Parall&egrave;lement, les fonctions du Groupe ont &eacute;t&eacute; rationalis&eacute;es afin de gagner en agilit&eacute;.<br><br><em>* Cela inclut des contrats de travail r&eacute;sili&eacute;s courant au-del&agrave; de 2025, mais pour lesquels les collaborateurs ne sont plus en activit&eacute; au sein de l&rsquo;entreprise.<\/em><\/p>\r\n                    <\/div>\r\n    \r\n    <div class=\"cmsa-faq-block__faq-wrapper\">\r\n                    \r\n            <\/div>\r\n\r\n    <\/div>\n\n<!--blockstudio\/cmsa-blocks\/faq--><div class=\"cmsa-faq-block\">\r\n            <div class=\"cmsa-faq-block__title-area\" data-align=\"left\">\r\n                            <h2 class=\"cmsa-faq-block__title\">Perspectives 2026<\/h2>\r\n                                        <svg xmlns=\"http:\/\/www.w3.org\/2000\/svg\" width=\"180\" height=\"1\" viewbox=\"0 0 180 1\" fill=\"none\" class=\"cmsa-faq-block__divider\">\r\n                    <line y1=\"0.5\" x2=\"180\" y2=\"0.5\" stroke=\"var(--wp--preset--color--primary, #e3001a)\"><\/line>\r\n                <\/svg>\r\n                <p class=\"cmsa-faq-block__description\">La visibilit&eacute; pour 2026 reste limit&eacute;e. Les clients ont r&eacute;duit leurs commandes &agrave; long terme afin de gagner en agilit&eacute; et en flexibilit&eacute;. Des premiers signaux positifs apparaissent toutefois, notamment avec la reprise du march&eacute; chinois dans les exportations horlog&egrave;res suisses et certaines reprises de commandes, indiquant un niveau de stocks plus faible chez certains clients. <br><br>La division Medtech, gr&acirc;ce &agrave; ses projets pluriannuels, offre visibilit&eacute; et stabilit&eacute;. Toutefois, les pressions sur les prix ainsi que la force du franc suisse rendent la concurrence plus exigeante. Dans la division Industrie, le march&eacute; des semi-conducteurs demeure solide, soutenant les perspectives &agrave; moyen et long terme. <br><br>De nouveaux repr&eacute;sentants techniques commerciaux renforcent les activit&eacute;s de vente et de d&eacute;veloppement du Groupe CMSA. La direction continuera de se concentrer sur la pr&eacute;servation des liquidit&eacute;s, l&rsquo;am&eacute;lioration de l&rsquo;efficacit&eacute;, les investissements dans les outils de production et les syst&egrave;mes ERP, ainsi que le renforcement de la culture d&rsquo;entreprise, afin d&rsquo;assurer un d&eacute;veloppement durable et d&rsquo;aligner le Groupe autour d&rsquo;une vision commune.<\/p>\r\n                    <\/div>\r\n    \r\n    <div class=\"cmsa-faq-block__faq-wrapper\">\r\n                    \r\n            <\/div>\r\n\r\n    <\/div>\n\n<!--blockstudio\/cmsa-blocks\/faq--><div class=\"cmsa-faq-block\">\r\n            <div class=\"cmsa-faq-block__title-area\" data-align=\"left\">\r\n                            <h2 class=\"cmsa-faq-block__title\">Actions et dividendes<\/h2>\r\n                                        <svg xmlns=\"http:\/\/www.w3.org\/2000\/svg\" width=\"180\" height=\"1\" viewbox=\"0 0 180 1\" fill=\"none\" class=\"cmsa-faq-block__divider\">\r\n                    <line y1=\"0.5\" x2=\"180\" y2=\"0.5\" stroke=\"var(--wp--preset--color--primary, #e3001a)\"><\/line>\r\n                <\/svg>\r\n                <p class=\"cmsa-faq-block__description\">Le r&eacute;sultat op&eacute;rationnel 2025 est inf&eacute;rieur &agrave; celui de l&rsquo;ann&eacute;e pr&eacute;c&eacute;dente, mais compte tenu des circonstances, nous restons confiants quant aux perspectives futures. Toutefois, la situation &eacute;conomique demeure volatile et impose la prudence. Le conseil d&rsquo;administration propose ainsi un dividende de 125 CHF par action. &Agrave; fin 2025, la valeur d&rsquo;une action CMSA Holding SA s&rsquo;&eacute;levait &agrave; 4 650 CHF. <br><br>Un niveau &eacute;lev&eacute; de fonds propres par action de 16 930 CHF, des r&eacute;sultats positifs et une croissance &agrave; long terme contribueront &agrave; renforcer l&rsquo;attractivit&eacute; des actions CMSA Holding SA. Nous remercions nos actionnaires pour leur fid&eacute;lit&eacute; et l&rsquo;int&eacute;r&ecirc;t qu&rsquo;ils portent au Groupe CMSA.<\/p>\r\n                    <\/div>\r\n    \r\n    <div class=\"cmsa-faq-block__faq-wrapper\">\r\n                    \n<!--blockstudio\/cmsa-blocks\/accordion-item--><details class=\"cmsa-accordion-item\">\r\n    <summary>\r\n        <h3 class=\"cmsa-accordion-item__title\">Split d&rsquo;actions<\/h3>\r\n        <svg width=\"17\" height=\"10\" viewbox=\"0 0 17 10\" fill=\"none\" class=\"faq-arrow\" xmlns=\"http:\/\/www.w3.org\/2000\/svg\">\r\n            <path d=\"M9.35547 9.23047C8.92578 9.66016 8.28125 9.66016 7.89453 9.23047L1.01953 2.35547C0.589844 1.96875 0.589844 1.32422 1.01953 0.9375C1.40625 0.507812 2.05078 0.507812 2.4375 0.9375L8.58203 7.08203L14.7695 0.894531C15.1562 0.507812 15.8008 0.507812 16.1875 0.894531C16.6172 1.32422 16.6172 1.96875 16.1875 2.35547L9.35547 9.23047Z\" fill=\"var(--wp--preset--color--basecolor, #362E30)\"><\/path>\r\n        <\/svg>\r\n    <\/summary>\r\n    <div class=\"cmsa-accordion-item__content\">\r\n        \n\n<p>CMSA Holding SA compte 14 000 actions, ce qui se traduit par un prix unitaire &eacute;lev&eacute; et rend leur n&eacute;gociation plus difficile. L&rsquo;an dernier, 3 % des actions ont &eacute;t&eacute; &eacute;chang&eacute;es sur notre plateforme OTC-X. <\/p>\n\n\n\n<p>Le conseil d&rsquo;administration a d&eacute;cid&eacute; de proposer &agrave; l&rsquo;assembl&eacute;e g&eacute;n&eacute;rale un split d&rsquo;actions dans un rapport de 1:10 afin d&rsquo;am&eacute;liorer l&rsquo;attractivit&eacute; et la liquidit&eacute; du titre.<\/p>\n\n\r\n    <\/div>\r\n<\/details>\n\r\n            <\/div>\r\n\r\n    <\/div>\n\n<!--blockstudio\/cmsa-blocks\/faq--><div class=\"cmsa-faq-block\">\r\n            <div class=\"cmsa-faq-block__title-area\" data-align=\"left\">\r\n                            <h2 class=\"cmsa-faq-block__title\">Nouveau nom CMSA<\/h2>\r\n                                        <svg xmlns=\"http:\/\/www.w3.org\/2000\/svg\" width=\"180\" height=\"1\" viewbox=\"0 0 180 1\" fill=\"none\" class=\"cmsa-faq-block__divider\">\r\n                    <line y1=\"0.5\" x2=\"180\" y2=\"0.5\" stroke=\"var(--wp--preset--color--primary, #e3001a)\"><\/line>\r\n                <\/svg>\r\n                <p class=\"cmsa-faq-block__description\">Lors de l&rsquo;assembl&eacute;e g&eacute;n&eacute;rale 2025, les actionnaires ont confirm&eacute; le changement de nom de la soci&eacute;t&eacute; en CMSA. CMSA signifie Contract Manufacturing Solutions Alliance et soutient la trajectoire du Groupe vers un positionnement en tant qu&rsquo;acteur reconnu &agrave; l&rsquo;international.<br><br>&Agrave; fin 2025, les entit&eacute;s du Groupe ont adopt&eacute; la d&eacute;nomination CMSA. Par cette &eacute;tape, nos collaboratrices et collaborateurs sont r&eacute;unis sous une m&ecirc;me identit&eacute;, travaillent comme une seule &eacute;quipe et tirent parti des synergies et des opportunit&eacute;s au sein du Groupe.<\/p>\r\n                    <\/div>\r\n    \r\n    <div class=\"cmsa-faq-block__faq-wrapper\">\r\n                    \r\n            <\/div>\r\n\r\n    <\/div>\n\n<!--blockstudio\/cmsa-blocks\/faq--><div class=\"cmsa-faq-block\">\r\n            <div class=\"cmsa-faq-block__title-area\" data-align=\"left\">\r\n                            <h2 class=\"cmsa-faq-block__title\">Modification des statuts<\/h2>\r\n                                        <svg xmlns=\"http:\/\/www.w3.org\/2000\/svg\" width=\"180\" height=\"1\" viewbox=\"0 0 180 1\" fill=\"none\" class=\"cmsa-faq-block__divider\">\r\n                    <line y1=\"0.5\" x2=\"180\" y2=\"0.5\" stroke=\"var(--wp--preset--color--primary, #e3001a)\"><\/line>\r\n                <\/svg>\r\n                <p class=\"cmsa-faq-block__description\">Lors de l&rsquo;assembl&eacute;e g&eacute;n&eacute;rale du 7 mai 2026, nous demanderons &agrave; nos actionnaires de se prononcer sur une modification des articles 4 et 18 des statuts. La modification de l&rsquo;article 4 est n&eacute;cessaire afin de proc&eacute;der &agrave; un fractionnement d&rsquo;actions dans un rapport de 1:10, portant le nombre d&rsquo;actions de 14 000 &agrave; 140 000 et la valeur nominale de 100 CHF &agrave; 10 CHF. Par ailleurs, l&rsquo;article 18 a &eacute;t&eacute; adapt&eacute; &agrave; des fins de simplification.<\/p>\r\n                    <\/div>\r\n    \r\n    <div class=\"cmsa-faq-block__faq-wrapper\">\r\n                    \r\n            <\/div>\r\n\r\n    <\/div>\n<\/div>\n<\/div>\n<\/section>\n","protected":false},"excerpt":{"rendered":"<p>Le Groupe affiche une hausse du chiffre d\u2019affaires de +3,2 %, principalement li\u00e9e \u00e0 l\u2019augmentation des prix des m\u00e9taux pr\u00e9cieux et non aux activit\u00e9s op\u00e9rationnelles. Le chiffre d\u2019affaires hors m\u00e9taux&#8230;<\/p>\n","protected":false},"author":1,"featured_media":5809,"parent":8039,"menu_order":0,"comment_status":"closed","ping_status":"closed","template":"annual-report-page","meta":{"_acf_changed":false,"_gspb_post_css":".gsbp-fefed93{display:flex;justify-content:center;flex-direction:column;align-items:center;padding-top:var(--wp--custom--spacing--top, 0px);padding-bottom:var(--wp--custom--spacing--bottom, 0px);margin-top:0;margin-bottom:0;position:relative;overflow-x:clip}.gsbp-14f5165{max-width:100%;width:var(--wp--style--global--wide-size, 1440px);padding-left:var(--variable-small-section-spacing);padding-right:var(--variable-small-section-spacing);padding-top:0;padding-bottom:0}body .annual-page-title:is(h1,h2,h3,h4,h5,h6){display:inline-flex;flex-direction:column;column-gap:var(--spacing-m);row-gap:var(--spacing-m);padding-top:var(--variable-small-section-spacing);padding-bottom:var(--variable-small-section-spacing);z-index:2;position:relative;background-color:#ffffff66;border-top-left-radius:var(--dafault-radius);border-bottom-left-radius:var(--dafault-radius);border-top-right-radius:var(--dafault-radius);border-bottom-right-radius:var(--dafault-radius)}body .annual-page-title:is(h1,h2,h3,h4,h5,h6) .annual-page-title__specific-title{font-size:var(--wp--preset--font-size--custom-6, 16px);line-height:110%;font-weight:400;font-family:EuclidCircularARegular}.gsbp-2c00ba3,.gsbp-8825778{position:absolute;top:0;right:0;max-width:50vw}.gsbp-2c00ba3{aspect-ratio:792\/1097;max-height:fit-content;z-index:0}.gsbp-8825778{fill:var(--wp--preset--color--primary, #e3001a)}section:has(.gsbp-8825778){position:static!important}","footnotes":""},"class_list":["post-8045","page","type-page","status-publish","has-post-thumbnail","hentry"],"acf":[],"_links":{"self":[{"href":"https:\/\/www.cmsa.ch\/fr\/wp-json\/wp\/v2\/pages\/8045","targetHints":{"allow":["GET"]}}],"collection":[{"href":"https:\/\/www.cmsa.ch\/fr\/wp-json\/wp\/v2\/pages"}],"about":[{"href":"https:\/\/www.cmsa.ch\/fr\/wp-json\/wp\/v2\/types\/page"}],"author":[{"embeddable":true,"href":"https:\/\/www.cmsa.ch\/fr\/wp-json\/wp\/v2\/users\/1"}],"replies":[{"embeddable":true,"href":"https:\/\/www.cmsa.ch\/fr\/wp-json\/wp\/v2\/comments?post=8045"}],"version-history":[{"count":5,"href":"https:\/\/www.cmsa.ch\/fr\/wp-json\/wp\/v2\/pages\/8045\/revisions"}],"predecessor-version":[{"id":8325,"href":"https:\/\/www.cmsa.ch\/fr\/wp-json\/wp\/v2\/pages\/8045\/revisions\/8325"}],"up":[{"embeddable":true,"href":"https:\/\/www.cmsa.ch\/fr\/wp-json\/wp\/v2\/pages\/8039"}],"wp:featuredmedia":[{"embeddable":true,"href":"https:\/\/www.cmsa.ch\/fr\/wp-json\/wp\/v2\/media\/5809"}],"wp:attachment":[{"href":"https:\/\/www.cmsa.ch\/fr\/wp-json\/wp\/v2\/media?parent=8045"}],"curies":[{"name":"wp","href":"https:\/\/api.w.org\/{rel}","templated":true}]}}